{"id":374,"date":"2025-03-05T19:06:47","date_gmt":"2025-03-05T18:06:47","guid":{"rendered":"https:\/\/avm-baranski.com\/?page_id=374"},"modified":"2025-03-11T19:13:28","modified_gmt":"2025-03-11T18:13:28","slug":"slow-kilka-o-wymiennikach-lamelowych","status":"publish","type":"page","link":"https:\/\/avm-baranski.com\/index.php\/slow-kilka-o-wymiennikach-lamelowych\/","title":{"rendered":"S\u0142\u00f3w kilka o wymiennikach lamelowych"},"content":{"rendered":"\n<div class=\"wp-block-cover alignfull\" style=\"margin-top:0;min-height:146px;aspect-ratio:unset;\"><span aria-hidden=\"true\" class=\"wp-block-cover__background has-black-background-color has-background-dim-0 has-background-dim\"><\/span><img loading=\"lazy\" decoding=\"async\" width=\"851\" height=\"249\" class=\"wp-block-cover__image-background wp-image-87\" alt=\"\" src=\"https:\/\/avm-baranski.com\/wp-content\/uploads\/2025\/03\/woda_kropla3-1.jpg\" data-object-fit=\"cover\" srcset=\"https:\/\/avm-baranski.com\/wp-content\/uploads\/2025\/03\/woda_kropla3-1.jpg 851w, https:\/\/avm-baranski.com\/wp-content\/uploads\/2025\/03\/woda_kropla3-1-300x88.jpg 300w, https:\/\/avm-baranski.com\/wp-content\/uploads\/2025\/03\/woda_kropla3-1-768x225.jpg 768w\" sizes=\"auto, (max-width: 851px) 100vw, 851px\" \/><div class=\"wp-block-cover__inner-container is-layout-flow wp-block-cover-is-layout-flow\">\n<h4 class=\"wp-block-heading has-text-align-center\"><img loading=\"lazy\" decoding=\"async\" width=\"70\" height=\"53\" class=\"wp-image-1476\" style=\"width: 70px;\" src=\"https:\/\/avm-baranski.com\/wp-content\/uploads\/2025\/03\/Logo-AVM.gif\" alt=\"\"><strong><em>AVM-Bara\u0144ski<\/em><\/strong><em><strong>                                     <\/strong><\/em> <em><strong>               od 2008 r oferujemy w<\/strong><\/em><strong><em>sparcie techniczne dla firm.<\/em><\/strong><\/h4>\n\n\n\n<div class=\"wp-block-buttons is-content-justification-right is-layout-flex wp-container-core-buttons-is-layout-d445cf74 wp-block-buttons-is-layout-flex\">\n<div class=\"wp-block-button is-style-outline is-style-outline--1\"><a class=\"wp-block-button__link has-text-align-right wp-element-button\" href=\"https:\/\/avm-baranski.com\/index.php\/glowna\/\">Oferta<\/a><\/div>\n\n\n\n<div class=\"wp-block-button is-style-outline is-style-outline--2\"><a class=\"wp-block-button__link has-text-align-right wp-element-button\" href=\"https:\/\/avm-baranski.com\/index.php\/kontakt\/\">Kontakt<\/a><\/div>\n\n\n\n<div class=\"wp-block-button is-style-outline is-style-outline--3\"><a class=\"wp-block-button__link has-text-align-right wp-element-button\" href=\"https:\/\/avm-baranski.com\/index.php\/produkty\/\">Produkty<\/a><\/div>\n\n\n\n<div class=\"wp-block-button is-style-outline is-style-outline--4\"><a class=\"wp-block-button__link has-text-align-right wp-element-button\" href=\"https:\/\/avm-baranski.com\/index.php\/wymienniki-ciepla\/\">Wymienniki ciep\u0142a<\/a><\/div>\n\n\n\n<div class=\"wp-block-button is-style-outline is-style-outline--5\"><a class=\"wp-block-button__link has-text-align-right wp-element-button\" href=\"https:\/\/avm-baranski.com\/index.php\/pompy\/\">Pompy<\/a><\/div>\n\n\n\n<div class=\"wp-block-button is-style-outline is-style-outline--6\"><a class=\"wp-block-button__link wp-element-button\" href=\"https:\/\/avm-baranski.com\/index.php\/blog\/\">Blog<\/a><\/div>\n<\/div>\n<\/div><\/div>\n\n\n\n<div class=\"wp-block-group alignfull has-global-padding is-layout-constrained wp-block-group-is-layout-constrained\">\n<div class=\"wp-block-columns is-layout-flex wp-container-core-columns-is-layout-28f84493 wp-block-columns-is-layout-flex\">\n<div class=\"wp-block-column is-vertically-aligned-center is-layout-flow wp-block-column-is-layout-flow\">\n<h3 class=\"wp-block-heading\">Charakterystyka wymiennik\u00f3w ciep\u0142a<\/h3>\n\n\n\n<div class=\"wp-block-buttons is-layout-flex wp-container-core-buttons-is-layout-ea8b11be wp-block-buttons-is-layout-flex\">\n<div class=\"wp-block-button is-style-outline is-style-outline--7\"><a class=\"wp-block-button__link has-text-align-center wp-element-button\" href=\"https:\/\/avm-baranski.com\/index.php\/lamelowe-wymienniki-ciepla\/\">Lamelowe<img loading=\"lazy\" decoding=\"async\" width=\"201\" height=\"201\" class=\"wp-image-1811\" style=\"width: 201px;\" src=\"https:\/\/avm-baranski.com\/wp-content\/uploads\/2025\/03\/wymiennik-pro.jpg\" alt=\"\" srcset=\"https:\/\/avm-baranski.com\/wp-content\/uploads\/2025\/03\/wymiennik-pro.jpg 1000w, https:\/\/avm-baranski.com\/wp-content\/uploads\/2025\/03\/wymiennik-pro-300x300.jpg 300w, https:\/\/avm-baranski.com\/wp-content\/uploads\/2025\/03\/wymiennik-pro-150x150.jpg 150w, https:\/\/avm-baranski.com\/wp-content\/uploads\/2025\/03\/wymiennik-pro-768x768.jpg 768w\" sizes=\"auto, (max-width: 201px) 100vw, 201px\" \/><\/a><\/div>\n<\/div>\n\n\n\n<p class=\"has-text-align-left\">Podstawowym zastosowaniem dla wymiennik\u00f3w lamelowych jest ich wykorzystanie jako elementy grzewcze lub ch\u0142odz\u0105ce w centralach wentylacyjno-klimatyzacyjnych, s\u0105 tak\u017ce montowane bezpo\u015brednio w kana\u0142ach rozprowadzaj\u0105cych powietrze.<\/p>\n\n\n\n<p>Dzi\u0119ki wysokiej sprawno\u015bci cieplnej s\u0105 one ch\u0119tnie stosowane przez wszystkich wiod\u0105cych producent\u00f3w central klimatyzacyjnych oraz aparat\u00f3w grzewczo-wentylacyjnych.<\/p>\n\n\n\n<p>W proponowanych przez nas rozwi\u0105zaniach stosujemy pakiety lamelowe oparte na dw\u00f3ch geometriach \u201e2522\u201d i \u201e3228\u201d szyk przestawny.<\/p>\n<\/div>\n<\/div>\n<\/div>\n\n\n\n<div class=\"wp-block-columns is-layout-flex wp-container-core-columns-is-layout-28f84493 wp-block-columns-is-layout-flex\">\n<div class=\"wp-block-column is-layout-flow wp-block-column-is-layout-flow\">\n<figure class=\"wp-block-image size-full\"><img loading=\"lazy\" decoding=\"async\" width=\"505\" height=\"731\" src=\"https:\/\/avm-baranski.com\/wp-content\/uploads\/2025\/03\/geometrie-standardowe-wymiennikow-lamelowych-2.jpg\" alt=\"\" class=\"wp-image-379\" srcset=\"https:\/\/avm-baranski.com\/wp-content\/uploads\/2025\/03\/geometrie-standardowe-wymiennikow-lamelowych-2.jpg 505w, https:\/\/avm-baranski.com\/wp-content\/uploads\/2025\/03\/geometrie-standardowe-wymiennikow-lamelowych-2-207x300.jpg 207w\" sizes=\"auto, (max-width: 505px) 100vw, 505px\" \/><\/figure>\n<\/div>\n\n\n\n<div class=\"wp-block-column is-layout-flow wp-block-column-is-layout-flow\">\n<figure class=\"wp-block-image size-full\"><img loading=\"lazy\" decoding=\"async\" width=\"517\" height=\"647\" src=\"https:\/\/avm-baranski.com\/wp-content\/uploads\/2025\/03\/geometrie-niestandardowe-wymiennikow-lamelowych-3.jpg\" alt=\"\" class=\"wp-image-380\" srcset=\"https:\/\/avm-baranski.com\/wp-content\/uploads\/2025\/03\/geometrie-niestandardowe-wymiennikow-lamelowych-3.jpg 517w, https:\/\/avm-baranski.com\/wp-content\/uploads\/2025\/03\/geometrie-niestandardowe-wymiennikow-lamelowych-3-240x300.jpg 240w\" sizes=\"auto, (max-width: 517px) 100vw, 517px\" \/><\/figure>\n<\/div>\n<\/div>\n\n\n\n<p>W szczeg\u00f3lnych przypadkach mo\u017cemy zaproponowa\u0107 te\u017c inne geometrie.<\/p>\n\n\n\n<p>Szeroki zakres rozstaw\u00f3w lamelek pakietu 1,6- 8 mm zapewnia bezproblemow\u0105 prac\u0119 zar\u00f3wno w wysokich jak i niskich temperaturach powietrza bez obawy o \u201ezarastanie\u201d na skutek szronienia pakietu lamelowego.<\/p>\n\n\n\n<p>Zale\u017cnie od przeznaczenia mog\u0105 by\u0107 wykonane z r\u00f3\u017cnych materia\u0142\u00f3w. Standardem jest wykonanie CuAL (rurki miedziane i lamelki aluminiowe).<\/p>\n\n\n\n<p>Dost\u0119pne s\u0105 wykonania specjalne np.: \u201ebasenowe\u201d CuAE (miedziane rurki i lamelki aluminowe pokryte epoksydem); morskie i\/lub dla kopalni CuCu (rurki miedziane i lamelki miedziane); wysokotemperaturowe i dla \u015brodowisk agresywnych AA2 lub A4A4 ( odpowiednio rurki ze stali kwaso-odpornej AISI316 i lamelki ze stali nierdzewnej AIS304 lub AIS316.<\/p>\n\n\n\n<p>Wymienniki lamelowe stosowane&nbsp; s\u0105 r\u00f3wnie\u017c w ch\u0142odnictwie pracuj\u0105c jako parowacze i skraplacze z r\u00f3\u017cnymi rodzajami freon\u00f3w.<\/p>\n\n\n\n<p>Ka\u017cdy producent wymiennik\u00f3w ciep\u0142a posiada w\u0142asny program doborowy wykorzystywany do przeprowadzania oblicze\u0144 cieplnych.<\/p>\n\n\n\n<p>R\u00f3\u017cnice w doborach r\u00f3\u017cnych producent\u00f3w- przy tych samych danych wej\u015bciowych- przyj\u0119cia r\u00f3\u017cnych algorytm\u00f3w wylicze\u0144 mocy cieplnej ale g\u0142\u00f3wnie z r\u00f3\u017cnic w konstrukcji pakietu lamelowego i przyj\u0119tych faktor\u00f3w czyli og\u00f3lnie od sprawno\u015bci cieplnej.<\/p>\n\n\n\n<p>Proponowane przez nas wymienniki gwarantuj\u0105 w 100% dotrzymanie parametr\u00f3w przedstawionych w doborach.<\/p>\n\n\n\n<p><\/p>\n","protected":false},"excerpt":{"rendered":"<p>Charakterystyka wymiennik\u00f3w ciep\u0142a Podstawowym zastosowaniem dla wymiennik\u00f3w lamelowych jest ich wykorzystanie jako elementy grzewcze lub ch\u0142odz\u0105ce w centralach wentylacyjno-klimatyzacyjnych, s\u0105 tak\u017ce montowane bezpo\u015brednio w kana\u0142ach rozprowadzaj\u0105cych powietrze. Dzi\u0119ki wysokiej sprawno\u015bci cieplnej s\u0105 one ch\u0119tnie stosowane przez wszystkich wiod\u0105cych producent\u00f3w central klimatyzacyjnych oraz aparat\u00f3w grzewczo-wentylacyjnych. W proponowanych przez nas rozwi\u0105zaniach stosujemy pakiety lamelowe oparte na dw\u00f3ch [&hellip;]<\/p>\n","protected":false},"author":1,"featured_media":0,"parent":0,"menu_order":0,"comment_status":"closed","ping_status":"closed","template":"","meta":{"_acf_changed":false,"footnotes":""},"class_list":["post-374","page","type-page","status-publish","hentry"],"acf":[],"jetpack_sharing_enabled":true,"_links":{"self":[{"href":"https:\/\/avm-baranski.com\/index.php\/wp-json\/wp\/v2\/pages\/374","targetHints":{"allow":["GET"]}}],"collection":[{"href":"https:\/\/avm-baranski.com\/index.php\/wp-json\/wp\/v2\/pages"}],"about":[{"href":"https:\/\/avm-baranski.com\/index.php\/wp-json\/wp\/v2\/types\/page"}],"author":[{"embeddable":true,"href":"https:\/\/avm-baranski.com\/index.php\/wp-json\/wp\/v2\/users\/1"}],"replies":[{"embeddable":true,"href":"https:\/\/avm-baranski.com\/index.php\/wp-json\/wp\/v2\/comments?post=374"}],"version-history":[{"count":14,"href":"https:\/\/avm-baranski.com\/index.php\/wp-json\/wp\/v2\/pages\/374\/revisions"}],"predecessor-version":[{"id":1815,"href":"https:\/\/avm-baranski.com\/index.php\/wp-json\/wp\/v2\/pages\/374\/revisions\/1815"}],"wp:attachment":[{"href":"https:\/\/avm-baranski.com\/index.php\/wp-json\/wp\/v2\/media?parent=374"}],"curies":[{"name":"wp","href":"https:\/\/api.w.org\/{rel}","templated":true}]}}