{"id":303,"date":"2025-03-05T15:13:17","date_gmt":"2025-03-05T14:13:17","guid":{"rendered":"https:\/\/avm-baranski.com\/?page_id=303"},"modified":"2025-03-11T12:43:04","modified_gmt":"2025-03-11T11:43:04","slug":"wymienniki-plytowe","status":"publish","type":"page","link":"https:\/\/avm-baranski.com\/index.php\/wymienniki-plytowe\/","title":{"rendered":"Wymienniki p\u0142ytowe"},"content":{"rendered":"\n<div class=\"wp-block-cover alignfull\" style=\"margin-top:0;min-height:146px;aspect-ratio:unset;\"><span aria-hidden=\"true\" class=\"wp-block-cover__background has-black-background-color has-background-dim-0 has-background-dim\"><\/span><img loading=\"lazy\" decoding=\"async\" width=\"851\" height=\"249\" class=\"wp-block-cover__image-background wp-image-87\" alt=\"\" src=\"https:\/\/avm-baranski.com\/wp-content\/uploads\/2025\/03\/woda_kropla3-1.jpg\" data-object-fit=\"cover\" srcset=\"https:\/\/avm-baranski.com\/wp-content\/uploads\/2025\/03\/woda_kropla3-1.jpg 851w, https:\/\/avm-baranski.com\/wp-content\/uploads\/2025\/03\/woda_kropla3-1-300x88.jpg 300w, https:\/\/avm-baranski.com\/wp-content\/uploads\/2025\/03\/woda_kropla3-1-768x225.jpg 768w\" sizes=\"auto, (max-width: 851px) 100vw, 851px\" \/><div class=\"wp-block-cover__inner-container is-layout-flow wp-block-cover-is-layout-flow\">\n<h4 class=\"wp-block-heading has-text-align-center\"><img loading=\"lazy\" decoding=\"async\" width=\"70\" height=\"53\" class=\"wp-image-1476\" style=\"width: 70px;\" src=\"https:\/\/avm-baranski.com\/wp-content\/uploads\/2025\/03\/Logo-AVM.gif\" alt=\"\"><strong><em>AVM-Bara\u0144ski<\/em><\/strong><em><strong>                                     <\/strong><\/em> <em><strong>               od 2008 r oferujemy w<\/strong><\/em><strong><em>sparcie techniczne dla firm.<\/em><\/strong><\/h4>\n\n\n\n<div class=\"wp-block-buttons is-content-justification-right is-layout-flex wp-container-core-buttons-is-layout-d445cf74 wp-block-buttons-is-layout-flex\">\n<div class=\"wp-block-button is-style-outline is-style-outline--1\"><a class=\"wp-block-button__link has-text-align-right wp-element-button\" href=\"https:\/\/avm-baranski.com\/index.php\/glowna\/\">Oferta<\/a><\/div>\n\n\n\n<div class=\"wp-block-button is-style-outline is-style-outline--2\"><a class=\"wp-block-button__link has-text-align-right wp-element-button\" href=\"https:\/\/avm-baranski.com\/index.php\/kontakt\/\">Kontakt<\/a><\/div>\n\n\n\n<div class=\"wp-block-button is-style-outline is-style-outline--3\"><a class=\"wp-block-button__link has-text-align-right wp-element-button\" href=\"https:\/\/avm-baranski.com\/index.php\/produkty\/\">Produkty<\/a><\/div>\n\n\n\n<div class=\"wp-block-button is-style-outline is-style-outline--4\"><a class=\"wp-block-button__link has-text-align-right wp-element-button\" href=\"https:\/\/avm-baranski.com\/index.php\/wymienniki-ciepla\/\">Wymienniki ciep\u0142a<\/a><\/div>\n\n\n\n<div class=\"wp-block-button is-style-outline is-style-outline--5\"><a class=\"wp-block-button__link has-text-align-right wp-element-button\" href=\"https:\/\/avm-baranski.com\/index.php\/pompy\/\">Pompy<\/a><\/div>\n\n\n\n<div class=\"wp-block-button is-style-outline is-style-outline--6\"><a class=\"wp-block-button__link wp-element-button\" href=\"https:\/\/avm-baranski.com\/index.php\/blog\/\">Blog<\/a><\/div>\n<\/div>\n<\/div><\/div>\n\n\n\n<div class=\"wp-block-group alignfull has-global-padding is-layout-constrained wp-block-group-is-layout-constrained\">\n<h3 class=\"wp-block-heading has-text-align-center\">Wymienniki p\u0142ytowe-krzy\u017cowe<\/h3>\n\n\n\n<div class=\"wp-block-buttons is-content-justification-center is-layout-flex wp-container-core-buttons-is-layout-a89b3969 wp-block-buttons-is-layout-flex\">\n<div class=\"wp-block-button is-style-outline is-style-outline--7\"><a class=\"wp-block-button__link wp-element-button\" href=\"https:\/\/avm-baranski.com\/index.php\/zapytanie-o-wymiennik-plytowy-krzyzowy\/\">Kliknij aby przej\u015b\u0107 do formularza zapytania o wymiennik p\u0142ytowy<\/a><\/div>\n<\/div>\n<\/div>\n\n\n\n<div class=\"wp-block-media-text is-stacked-on-mobile\"><figure class=\"wp-block-media-text__media\"><img loading=\"lazy\" decoding=\"async\" width=\"206\" height=\"196\" src=\"https:\/\/avm-baranski.com\/wp-content\/uploads\/2025\/03\/wymiennik-plytowy3-1.jpg\" alt=\"\" class=\"wp-image-306 size-full\"\/><\/figure><div class=\"wp-block-media-text__content\">\n<p>Stosowne jako element odzysku ciep\u0142a w rekuperacji. <\/p>\n\n\n\n<p>Wykorzystuje energi\u0119 powietrza usuwanego do ogrzania powietrza \u015bwie\u017cego.<\/p>\n\n\n\n<p>Uzyskuje du\u017ce sprawno\u015bci odzysku ciep\u0142a 60-92%.<\/p>\n\n\n\n<p><\/p>\n<\/div><\/div>\n\n\n\n<div class=\"wp-block-buttons is-content-justification-center is-layout-flex wp-container-core-buttons-is-layout-a89b3969 wp-block-buttons-is-layout-flex\">\n<div class=\"wp-block-button is-style-outline is-style-outline--8\"><a class=\"wp-block-button__link wp-element-button\" href=\"https:\/\/avm-baranski.com\/index.php\/zapytanie-o-wymiennik-plytowy-krzyzowy\/\">Kliknij aby przej\u015b\u0107 do formularza zapytania o wymiennik p\u0142ytowy<\/a><\/div>\n<\/div>\n\n\n\n<p><\/p>\n","protected":false},"excerpt":{"rendered":"<p>Wymienniki p\u0142ytowe-krzy\u017cowe Stosowne jako element odzysku ciep\u0142a w rekuperacji. Wykorzystuje energi\u0119 powietrza usuwanego do ogrzania powietrza \u015bwie\u017cego. Uzyskuje du\u017ce sprawno\u015bci odzysku ciep\u0142a 60-92%.<\/p>\n","protected":false},"author":1,"featured_media":0,"parent":0,"menu_order":0,"comment_status":"closed","ping_status":"closed","template":"","meta":{"_acf_changed":false,"footnotes":""},"class_list":["post-303","page","type-page","status-publish","hentry"],"acf":[],"jetpack_sharing_enabled":true,"_links":{"self":[{"href":"https:\/\/avm-baranski.com\/index.php\/wp-json\/wp\/v2\/pages\/303","targetHints":{"allow":["GET"]}}],"collection":[{"href":"https:\/\/avm-baranski.com\/index.php\/wp-json\/wp\/v2\/pages"}],"about":[{"href":"https:\/\/avm-baranski.com\/index.php\/wp-json\/wp\/v2\/types\/page"}],"author":[{"embeddable":true,"href":"https:\/\/avm-baranski.com\/index.php\/wp-json\/wp\/v2\/users\/1"}],"replies":[{"embeddable":true,"href":"https:\/\/avm-baranski.com\/index.php\/wp-json\/wp\/v2\/comments?post=303"}],"version-history":[{"count":12,"href":"https:\/\/avm-baranski.com\/index.php\/wp-json\/wp\/v2\/pages\/303\/revisions"}],"predecessor-version":[{"id":1747,"href":"https:\/\/avm-baranski.com\/index.php\/wp-json\/wp\/v2\/pages\/303\/revisions\/1747"}],"wp:attachment":[{"href":"https:\/\/avm-baranski.com\/index.php\/wp-json\/wp\/v2\/media?parent=303"}],"curies":[{"name":"wp","href":"https:\/\/api.w.org\/{rel}","templated":true}]}}