{"id":287,"date":"2025-03-05T15:01:06","date_gmt":"2025-03-05T14:01:06","guid":{"rendered":"https:\/\/avm-baranski.com\/?page_id=287"},"modified":"2025-03-11T08:02:14","modified_gmt":"2025-03-11T07:02:14","slug":"zapytanie-o-wymiennik-plytowy-krzyzowy","status":"publish","type":"page","link":"https:\/\/avm-baranski.com\/index.php\/zapytanie-o-wymiennik-plytowy-krzyzowy\/","title":{"rendered":"Zapytanie o wymiennik p\u0142ytowy (krzy\u017cowy)"},"content":{"rendered":"\n<div class=\"wp-block-cover alignfull\" style=\"margin-top:0;min-height:146px;aspect-ratio:unset;\"><span aria-hidden=\"true\" class=\"wp-block-cover__background has-black-background-color has-background-dim-0 has-background-dim\"><\/span><img loading=\"lazy\" decoding=\"async\" width=\"851\" height=\"249\" class=\"wp-block-cover__image-background wp-image-87\" alt=\"\" src=\"https:\/\/avm-baranski.com\/wp-content\/uploads\/2025\/03\/woda_kropla3-1.jpg\" data-object-fit=\"cover\" srcset=\"https:\/\/avm-baranski.com\/wp-content\/uploads\/2025\/03\/woda_kropla3-1.jpg 851w, https:\/\/avm-baranski.com\/wp-content\/uploads\/2025\/03\/woda_kropla3-1-300x88.jpg 300w, https:\/\/avm-baranski.com\/wp-content\/uploads\/2025\/03\/woda_kropla3-1-768x225.jpg 768w\" sizes=\"auto, (max-width: 851px) 100vw, 851px\" \/><div class=\"wp-block-cover__inner-container is-layout-flow wp-block-cover-is-layout-flow\">\n<h4 class=\"wp-block-heading has-text-align-center\"><img loading=\"lazy\" decoding=\"async\" width=\"70\" height=\"53\" class=\"wp-image-1476\" style=\"width: 70px;\" src=\"https:\/\/avm-baranski.com\/wp-content\/uploads\/2025\/03\/Logo-AVM.gif\" alt=\"\"><strong><em>AVM-Bara\u0144ski<\/em><\/strong><em><strong>                                     <\/strong><\/em> <em><strong>               od 2008 r oferujemy w<\/strong><\/em><strong><em>sparcie techniczne dla firm.<\/em><\/strong><\/h4>\n\n\n\n<div class=\"wp-block-buttons is-content-justification-right is-layout-flex wp-container-core-buttons-is-layout-d445cf74 wp-block-buttons-is-layout-flex\">\n<div class=\"wp-block-button is-style-outline is-style-outline--1\"><a class=\"wp-block-button__link has-text-align-right wp-element-button\" href=\"https:\/\/avm-baranski.com\/index.php\/glowna\/\">Oferta<\/a><\/div>\n\n\n\n<div class=\"wp-block-button is-style-outline is-style-outline--2\"><a class=\"wp-block-button__link has-text-align-right wp-element-button\" href=\"https:\/\/avm-baranski.com\/index.php\/kontakt\/\">Kontakt<\/a><\/div>\n\n\n\n<div class=\"wp-block-button is-style-outline is-style-outline--3\"><a class=\"wp-block-button__link has-text-align-right wp-element-button\" href=\"https:\/\/avm-baranski.com\/index.php\/produkty\/\">Produkty<\/a><\/div>\n\n\n\n<div class=\"wp-block-button is-style-outline is-style-outline--4\"><a class=\"wp-block-button__link has-text-align-right wp-element-button\" href=\"https:\/\/avm-baranski.com\/index.php\/wymienniki-ciepla\/\">Wymienniki ciep\u0142a<\/a><\/div>\n\n\n\n<div class=\"wp-block-button is-style-outline is-style-outline--5\"><a class=\"wp-block-button__link has-text-align-right wp-element-button\" href=\"https:\/\/avm-baranski.com\/index.php\/pompy\/\">Pompy<\/a><\/div>\n\n\n\n<div class=\"wp-block-button is-style-outline is-style-outline--6\"><a class=\"wp-block-button__link wp-element-button\" href=\"https:\/\/avm-baranski.com\/index.php\/blog\/\">Blog<\/a><\/div>\n<\/div>\n<\/div><\/div>\n\n\n\n<h3 class=\"wp-block-heading\">Dane do doboru wymiennika p\u0142ytowego<\/h3>\n\n\n\n<figure class=\"wp-block-image size-full\"><img loading=\"lazy\" decoding=\"async\" width=\"730\" height=\"270\" src=\"https:\/\/avm-baranski.com\/wp-content\/uploads\/2025\/03\/wymiennik-plytowy-wymiary.jpg\" alt=\"\" class=\"wp-image-292\" srcset=\"https:\/\/avm-baranski.com\/wp-content\/uploads\/2025\/03\/wymiennik-plytowy-wymiary.jpg 730w, https:\/\/avm-baranski.com\/wp-content\/uploads\/2025\/03\/wymiennik-plytowy-wymiary-300x111.jpg 300w\" sizes=\"auto, (max-width: 730px) 100vw, 730px\" \/><\/figure>\n\n\n\n<div class=\"wp-block-columns is-layout-flex wp-container-core-columns-is-layout-28f84493 wp-block-columns-is-layout-flex\">\n<div class=\"wp-block-column is-layout-flow wp-block-column-is-layout-flow\"><\/div>\n<\/div>\n\n\n\n<div class=\"wp-block-columns is-layout-flex wp-container-core-columns-is-layout-28f84493 wp-block-columns-is-layout-flex\">\n<div class=\"wp-block-column is-layout-flow wp-block-column-is-layout-flow\">\n<figure class=\"wp-block-image size-full\"><img loading=\"lazy\" decoding=\"async\" width=\"541\" height=\"277\" src=\"https:\/\/avm-baranski.com\/wp-content\/uploads\/2025\/03\/wymiennik-plytowy-rysunek-1-2.jpg\" alt=\"\" class=\"wp-image-296\" srcset=\"https:\/\/avm-baranski.com\/wp-content\/uploads\/2025\/03\/wymiennik-plytowy-rysunek-1-2.jpg 541w, https:\/\/avm-baranski.com\/wp-content\/uploads\/2025\/03\/wymiennik-plytowy-rysunek-1-2-300x154.jpg 300w\" sizes=\"auto, (max-width: 541px) 100vw, 541px\" \/><\/figure>\n<\/div>\n\n\n\n<div class=\"wp-block-column is-layout-flow wp-block-column-is-layout-flow\">\n<figure class=\"wp-block-image size-full\"><img loading=\"lazy\" decoding=\"async\" width=\"541\" height=\"277\" src=\"https:\/\/avm-baranski.com\/wp-content\/uploads\/2025\/03\/wymiennik-plytowy-rysunek-2-1.jpg\" alt=\"\" class=\"wp-image-297\" srcset=\"https:\/\/avm-baranski.com\/wp-content\/uploads\/2025\/03\/wymiennik-plytowy-rysunek-2-1.jpg 541w, https:\/\/avm-baranski.com\/wp-content\/uploads\/2025\/03\/wymiennik-plytowy-rysunek-2-1-300x154.jpg 300w\" sizes=\"auto, (max-width: 541px) 100vw, 541px\" \/><\/figure>\n<\/div>\n<\/div>\n\n\n<div class=\"forminator-ui forminator-custom-form forminator-custom-form-299 forminator-design--basic  forminator_ajax\" data-forminator-render=\"0\" data-form=\"forminator-module-299\" data-uid=\"69e24f5f733bb\"><br\/><\/div><form\n\t\t\t\tid=\"forminator-module-299\"\n\t\t\t\tclass=\"forminator-ui forminator-custom-form forminator-custom-form-299 forminator-design--basic  forminator_ajax\"\n\t\t\t\tmethod=\"post\"\n\t\t\t\tdata-forminator-render=\"0\"\n\t\t\t\tdata-form-id=\"299\"\n\t\t\t\tenctype=\"multipart\/form-data\" data-color-option=\"theme\" data-design=\"basic\" data-grid=\"open\" style=\"display: none;\"\n\t\t\t\tdata-uid=\"69e24f5f733bb\"\n\t\t\t><div role=\"alert\" aria-live=\"polite\" class=\"forminator-response-message forminator-error\" aria-hidden=\"true\"><\/div><div class=\"forminator-row\"><div id=\"name-1\" class=\"forminator-field-name forminator-col forminator-col-12 \"><div class=\"forminator-field\"><label for=\"forminator-field-name-1_69e24f5f733bb\" id=\"forminator-field-name-1_69e24f5f733bb-label\" class=\"forminator-label\">Imi\u0119 i Nazwisko<\/label><input type=\"text\" name=\"name-1\" value=\"\" placeholder=\"\" id=\"forminator-field-name-1_69e24f5f733bb\" class=\"forminator-input forminator-name--field\" aria-required=\"false\" autocomplete=\"name\" \/><\/div><\/div><\/div><div class=\"forminator-row\"><div id=\"email-1\" class=\"forminator-field-email forminator-col forminator-col-12 \"><div class=\"forminator-field\"><label for=\"forminator-field-email-1_69e24f5f733bb\" id=\"forminator-field-email-1_69e24f5f733bb-label\" class=\"forminator-label\">Adres e-mail<\/label><input type=\"email\" name=\"email-1\" value=\"\" placeholder=\"\" id=\"forminator-field-email-1_69e24f5f733bb\" class=\"forminator-input forminator-email--field\" data-required=\"\" aria-required=\"false\" autocomplete=\"email\" \/><\/div><\/div><\/div><div class=\"forminator-row\"><div id=\"radio-1\" class=\"forminator-field-radio forminator-col forminator-col-12 \"><div role=\"radiogroup\" class=\"forminator-field\" aria-labelledby=\"forminator-radiogroup-radio-1-69e24f5f733bb-label\"><span id=\"forminator-radiogroup-radio-1-69e24f5f733bb-label\" class=\"forminator-label\">Przep\u0142yw powietrza <span class=\"forminator-required\">*<\/span><\/span><label id=\"forminator-field-radio-1-label-1\" for=\"forminator-field-radio-1-1-69e24f5f733bb\" class=\"forminator-radio\" title=\"Powietrze wlot- wylot strumienie r\u00f3wnoleg\u0142e\"><input type=\"radio\" name=\"radio-1\" value=\"one\" id=\"forminator-field-radio-1-1-69e24f5f733bb\" aria-labelledby=\"forminator-field-radio-1-label-1\" data-calculation=\"0\"   data-hidden-behavior=\"zero\"\/><span class=\"forminator-radio-bullet\" aria-hidden=\"true\"><\/span><span class=\"forminator-radio-label\">Powietrze wlot- wylot strumienie r\u00f3wnoleg\u0142e<\/span><\/label><label id=\"forminator-field-radio-1-label-2\" for=\"forminator-field-radio-1-2-69e24f5f733bb\" class=\"forminator-radio\" title=\"Powietrze wlot-wylot strumienie prostopad\u0142e\"><input type=\"radio\" name=\"radio-1\" value=\"two\" id=\"forminator-field-radio-1-2-69e24f5f733bb\" aria-labelledby=\"forminator-field-radio-1-label-2\" data-calculation=\"0\"   data-hidden-behavior=\"zero\"\/><span class=\"forminator-radio-bullet\" aria-hidden=\"true\"><\/span><span class=\"forminator-radio-label\">Powietrze wlot-wylot strumienie prostopad\u0142e<\/span><\/label><\/div><\/div><\/div><div class=\"forminator-row\"><div id=\"radio-2\" class=\"forminator-field-radio forminator-col forminator-col-4 \"><div role=\"radiogroup\" class=\"forminator-field\" aria-labelledby=\"forminator-radiogroup-radio-2-69e24f5f733bb-label\"><span id=\"forminator-radiogroup-radio-2-69e24f5f733bb-label\" class=\"forminator-label\">Materia\u0142 p\u0142yt wymiennika <span class=\"forminator-required\">*<\/span><\/span><label id=\"forminator-field-radio-2-label-1\" for=\"forminator-field-radio-2-1-69e24f5f733bb\" class=\"forminator-radio\" title=\"Stal nierdzewna\"><input type=\"radio\" name=\"radio-2\" value=\"one\" id=\"forminator-field-radio-2-1-69e24f5f733bb\" aria-labelledby=\"forminator-field-radio-2-label-1\" data-calculation=\"0\"   data-hidden-behavior=\"zero\"\/><span class=\"forminator-radio-bullet\" aria-hidden=\"true\"><\/span><span class=\"forminator-radio-label\">Stal nierdzewna<\/span><\/label><label id=\"forminator-field-radio-2-label-2\" for=\"forminator-field-radio-2-2-69e24f5f733bb\" class=\"forminator-radio\" title=\"Mied\u017a\"><input type=\"radio\" name=\"radio-2\" value=\"two\" id=\"forminator-field-radio-2-2-69e24f5f733bb\" aria-labelledby=\"forminator-field-radio-2-label-2\" data-calculation=\"0\"   data-hidden-behavior=\"zero\"\/><span class=\"forminator-radio-bullet\" aria-hidden=\"true\"><\/span><span class=\"forminator-radio-label\">Mied\u017a<\/span><\/label><label id=\"forminator-field-radio-2-label-3\" for=\"forminator-field-radio-2-3-69e24f5f733bb\" class=\"forminator-radio\" title=\"Aluminium\"><input type=\"radio\" name=\"radio-2\" value=\"Aluminium\" id=\"forminator-field-radio-2-3-69e24f5f733bb\" aria-labelledby=\"forminator-field-radio-2-label-3\" data-calculation=\"0\"   data-hidden-behavior=\"zero\"\/><span class=\"forminator-radio-bullet\" aria-hidden=\"true\"><\/span><span class=\"forminator-radio-label\">Aluminium<\/span><\/label><\/div><\/div><div id=\"radio-3\" class=\"forminator-field-radio forminator-col forminator-col-4 \"><div role=\"radiogroup\" class=\"forminator-field\" aria-labelledby=\"forminator-radiogroup-radio-3-69e24f5f733bb-label\"><span id=\"forminator-radiogroup-radio-3-69e24f5f733bb-label\" class=\"forminator-label\">Materia\u0142 obudowy wymiennika <span class=\"forminator-required\">*<\/span><\/span><label id=\"forminator-field-radio-3-label-1\" for=\"forminator-field-radio-3-1-69e24f5f733bb\" class=\"forminator-radio\" title=\"Stal nierdzewna\"><input type=\"radio\" name=\"radio-3\" value=\"one\" id=\"forminator-field-radio-3-1-69e24f5f733bb\" aria-labelledby=\"forminator-field-radio-3-label-1\" data-calculation=\"0\"   data-hidden-behavior=\"zero\"\/><span class=\"forminator-radio-bullet\" aria-hidden=\"true\"><\/span><span class=\"forminator-radio-label\">Stal nierdzewna<\/span><\/label><label id=\"forminator-field-radio-3-label-2\" for=\"forminator-field-radio-3-2-69e24f5f733bb\" class=\"forminator-radio\" title=\"Mied\u017a\"><input type=\"radio\" name=\"radio-3\" value=\"two\" id=\"forminator-field-radio-3-2-69e24f5f733bb\" aria-labelledby=\"forminator-field-radio-3-label-2\" data-calculation=\"0\"   data-hidden-behavior=\"zero\"\/><span class=\"forminator-radio-bullet\" aria-hidden=\"true\"><\/span><span class=\"forminator-radio-label\">Mied\u017a<\/span><\/label><label id=\"forminator-field-radio-3-label-3\" for=\"forminator-field-radio-3-3-69e24f5f733bb\" class=\"forminator-radio\" title=\"Aluminium\"><input type=\"radio\" name=\"radio-3\" value=\"Aluminium\" id=\"forminator-field-radio-3-3-69e24f5f733bb\" aria-labelledby=\"forminator-field-radio-3-label-3\" data-calculation=\"0\"   data-hidden-behavior=\"zero\"\/><span class=\"forminator-radio-bullet\" aria-hidden=\"true\"><\/span><span class=\"forminator-radio-label\">Aluminium<\/span><\/label><label id=\"forminator-field-radio-3-label-4\" for=\"forminator-field-radio-3-4-69e24f5f733bb\" class=\"forminator-radio\" title=\"Stal ocynkowana\"><input type=\"radio\" name=\"radio-3\" value=\"Stal-ocynkowana\" id=\"forminator-field-radio-3-4-69e24f5f733bb\" aria-labelledby=\"forminator-field-radio-3-label-4\" data-calculation=\"0\"   data-hidden-behavior=\"zero\"\/><span class=\"forminator-radio-bullet\" aria-hidden=\"true\"><\/span><span class=\"forminator-radio-label\">Stal ocynkowana<\/span><\/label><\/div><\/div><div id=\"radio-4\" class=\"forminator-field-radio forminator-col forminator-col-4 \"><div role=\"radiogroup\" class=\"forminator-field\" aria-labelledby=\"forminator-radiogroup-radio-4-69e24f5f733bb-label\"><span id=\"forminator-radiogroup-radio-4-69e24f5f733bb-label\" class=\"forminator-label\">Opcje dodatkowe wykonania<\/span><label id=\"forminator-field-radio-4-label-1\" for=\"forminator-field-radio-4-1-69e24f5f733bb\" class=\"forminator-radio\" title=\"Obej\u015bcie\/ Bypas\"><input type=\"radio\" name=\"radio-4\" value=\"one\" id=\"forminator-field-radio-4-1-69e24f5f733bb\" aria-labelledby=\"forminator-field-radio-4-label-1\" data-calculation=\"0\"   data-hidden-behavior=\"zero\"\/><span class=\"forminator-radio-bullet\" aria-hidden=\"true\"><\/span><span class=\"forminator-radio-label\">Obej\u015bcie\/ Bypas<\/span><\/label><\/div><\/div><\/div><div class=\"forminator-row\"><div id=\"number-12\" class=\"forminator-field-number forminator-col forminator-col-4 \"><div class=\"forminator-field\"><label for=\"forminator-field-number-12_69e24f5f733bb\" id=\"forminator-field-number-12_69e24f5f733bb-label\" class=\"forminator-label\">Temperatura powietrza usuwanego wlot 1.1 <span class=\"forminator-required\">*<\/span><\/label><input name=\"number-12\" value=\"15\" placeholder=\"\" id=\"forminator-field-number-12_69e24f5f733bb\" class=\"forminator-input forminator-number--field\" inputmode=\"decimal\" data-required=\"1\" data-decimals=\"0\" aria-required=\"true\" data-inputmask=\"&#039;groupSeparator&#039;: &#039;&#039;, &#039;radixPoint&#039;: &#039;&#039;, &#039;digits&#039;: &#039;0&#039;\" data-hidden-behavior=\"zero\" type=\"number\" step=\"any\" min=\"1\" max=\"150\" \/><\/div><\/div><div id=\"number-16\" class=\"forminator-field-number forminator-col forminator-col-4 \"><div class=\"forminator-field\"><label for=\"forminator-field-number-16_69e24f5f733bb\" id=\"forminator-field-number-16_69e24f5f733bb-label\" class=\"forminator-label\">Wilgotno\u015b\u0107 powietrza usuwanego<\/label><input name=\"number-16\" value=\"40\" placeholder=\"\" id=\"forminator-field-number-16_69e24f5f733bb\" class=\"forminator-input forminator-number--field\" inputmode=\"decimal\" data-required=\"\" data-decimals=\"0\" aria-required=\"false\" data-inputmask=\"&#039;groupSeparator&#039;: &#039;&#039;, &#039;radixPoint&#039;: &#039;&#039;, &#039;digits&#039;: &#039;0&#039;\" data-hidden-behavior=\"zero\" type=\"number\" step=\"any\" min=\"1\" max=\"150\" \/><\/div><\/div><div id=\"number-13\" class=\"forminator-field-number forminator-col forminator-col-4 \"><div class=\"forminator-field\"><label for=\"forminator-field-number-13_69e24f5f733bb\" id=\"forminator-field-number-13_69e24f5f733bb-label\" class=\"forminator-label\">Temperatura powietrza usuwanego wylot 1.2<\/label><input name=\"number-13\" value=\"25\" placeholder=\"\" id=\"forminator-field-number-13_69e24f5f733bb\" class=\"forminator-input forminator-number--field\" inputmode=\"decimal\" data-required=\"\" data-decimals=\"0\" aria-required=\"false\" data-inputmask=\"&#039;groupSeparator&#039;: &#039;&#039;, &#039;radixPoint&#039;: &#039;&#039;, &#039;digits&#039;: &#039;0&#039;\" data-hidden-behavior=\"zero\" type=\"number\" step=\"any\" min=\"1\" max=\"150\" \/><\/div><\/div><\/div><div class=\"forminator-row\"><div id=\"number-14\" class=\"forminator-field-number forminator-col forminator-col-6 \"><div class=\"forminator-field\"><label for=\"forminator-field-number-14_69e24f5f733bb\" id=\"forminator-field-number-14_69e24f5f733bb-label\" class=\"forminator-label\">Temperatura powietrze zewn\u0119trzne wlot 2.1 <span class=\"forminator-required\">*<\/span><\/label><input name=\"number-14\" value=\"60\" placeholder=\"\" id=\"forminator-field-number-14_69e24f5f733bb\" class=\"forminator-input forminator-number--field\" inputmode=\"decimal\" data-required=\"1\" data-decimals=\"0\" aria-required=\"true\" data-inputmask=\"&#039;groupSeparator&#039;: &#039;&#039;, &#039;radixPoint&#039;: &#039;&#039;, &#039;digits&#039;: &#039;0&#039;\" data-hidden-behavior=\"zero\" type=\"number\" step=\"any\" min=\"1\" max=\"150\" \/><\/div><\/div><div id=\"number-15\" class=\"forminator-field-number forminator-col forminator-col-6 \"><div class=\"forminator-field\"><label for=\"forminator-field-number-15_69e24f5f733bb\" id=\"forminator-field-number-15_69e24f5f733bb-label\" class=\"forminator-label\">Temperatura powietrze zewn\u0119trzne wylot 2.1<\/label><input name=\"number-15\" value=\"40\" placeholder=\"\" id=\"forminator-field-number-15_69e24f5f733bb\" class=\"forminator-input forminator-number--field\" inputmode=\"decimal\" data-required=\"\" data-decimals=\"0\" aria-required=\"false\" data-inputmask=\"&#039;groupSeparator&#039;: &#039;&#039;, &#039;radixPoint&#039;: &#039;&#039;, &#039;digits&#039;: &#039;0&#039;\" data-hidden-behavior=\"zero\" type=\"number\" step=\"any\" min=\"1\" max=\"150\" \/><\/div><\/div><\/div><div class=\"forminator-row\"><div id=\"number-17\" class=\"forminator-field-number forminator-col forminator-col-12 \"><div class=\"forminator-field\"><label for=\"forminator-field-number-17_69e24f5f733bb\" id=\"forminator-field-number-17_69e24f5f733bb-label\" class=\"forminator-label\">Moc cieplna wymiennika<\/label><input name=\"number-17\" value=\"60\" placeholder=\"\" id=\"forminator-field-number-17_69e24f5f733bb\" class=\"forminator-input forminator-number--field\" inputmode=\"decimal\" data-required=\"\" data-decimals=\"0\" aria-required=\"false\" data-inputmask=\"&#039;groupSeparator&#039;: &#039;&#039;, &#039;radixPoint&#039;: &#039;&#039;, &#039;digits&#039;: &#039;0&#039;\" data-hidden-behavior=\"zero\" type=\"number\" step=\"any\" min=\"1\" max=\"150\" \/><\/div><\/div><\/div><div class=\"forminator-row\"><div id=\"number-1\" class=\"forminator-field-number forminator-col forminator-col-6 \"><div class=\"forminator-field\"><label for=\"forminator-field-number-1_69e24f5f733bb\" id=\"forminator-field-number-1_69e24f5f733bb-label\" class=\"forminator-label\">H =<\/label><span id=\"forminator-field-number-1_69e24f5f733bb-description\" class=\"forminator-description\">Bok wymiennika wymiar zewn\u0119trzny<\/span><input name=\"number-1\" value=\"1000\" placeholder=\"\" id=\"forminator-field-number-1_69e24f5f733bb\" class=\"forminator-input forminator-number--field\" inputmode=\"decimal\" data-required=\"\" data-decimals=\"0\" aria-required=\"false\" data-inputmask=\"&#039;groupSeparator&#039;: &#039;&#039;, &#039;radixPoint&#039;: &#039;&#039;, &#039;digits&#039;: &#039;0&#039;\" data-hidden-behavior=\"zero\" type=\"number\" step=\"any\" min=\"1\" max=\"2700\" aria-describedby=\"forminator-field-number-1_69e24f5f733bb-description\" \/><\/div><\/div><div id=\"number-4\" class=\"forminator-field-number forminator-col forminator-col-6 \"><div class=\"forminator-field\"><label for=\"forminator-field-number-4_69e24f5f733bb\" id=\"forminator-field-number-4_69e24f5f733bb-label\" class=\"forminator-label\">B =<\/label><span id=\"forminator-field-number-4_69e24f5f733bb-description\" class=\"forminator-description\">Bok wymienika wymiar zewn\u0119trzny<\/span><input name=\"number-4\" value=\"1000\" placeholder=\"\" id=\"forminator-field-number-4_69e24f5f733bb\" class=\"forminator-input forminator-number--field\" inputmode=\"decimal\" data-required=\"\" data-decimals=\"0\" aria-required=\"false\" data-inputmask=\"&#039;groupSeparator&#039;: &#039;&#039;, &#039;radixPoint&#039;: &#039;&#039;, &#039;digits&#039;: &#039;0&#039;\" data-hidden-behavior=\"zero\" type=\"number\" step=\"any\" min=\"1\" max=\"2700\" aria-describedby=\"forminator-field-number-4_69e24f5f733bb-description\" \/><\/div><\/div><\/div><div class=\"forminator-row\"><div id=\"number-5\" class=\"forminator-field-number forminator-col forminator-col-6 \"><div class=\"forminator-field\"><label for=\"forminator-field-number-5_69e24f5f733bb\" id=\"forminator-field-number-5_69e24f5f733bb-label\" class=\"forminator-label\">A =<\/label><span id=\"forminator-field-number-5_69e24f5f733bb-description\" class=\"forminator-description\">G\u0142\u0119boko\u015b\u0107 wymiennika<\/span><input name=\"number-5\" value=\"1000\" placeholder=\"\" id=\"forminator-field-number-5_69e24f5f733bb\" class=\"forminator-input forminator-number--field\" inputmode=\"decimal\" data-required=\"\" data-decimals=\"0\" aria-required=\"false\" data-inputmask=\"&#039;groupSeparator&#039;: &#039;&#039;, &#039;radixPoint&#039;: &#039;&#039;, &#039;digits&#039;: &#039;0&#039;\" data-hidden-behavior=\"zero\" type=\"number\" step=\"any\" min=\"1\" max=\"7500\" aria-describedby=\"forminator-field-number-5_69e24f5f733bb-description\" \/><\/div><\/div><div id=\"number-6\" class=\"forminator-field-number forminator-col forminator-col-6 \"><div class=\"forminator-field\"><label for=\"forminator-field-number-6_69e24f5f733bb\" id=\"forminator-field-number-6_69e24f5f733bb-label\" class=\"forminator-label\">F =<\/label><span id=\"forminator-field-number-6_69e24f5f733bb-description\" class=\"forminator-description\">Szeroko\u015b\u0107 ramy wymiennika<\/span><input name=\"number-6\" value=\"120\" placeholder=\"\" id=\"forminator-field-number-6_69e24f5f733bb\" class=\"forminator-input forminator-number--field\" inputmode=\"decimal\" data-required=\"\" data-decimals=\"0\" aria-required=\"false\" data-inputmask=\"&#039;groupSeparator&#039;: &#039;&#039;, &#039;radixPoint&#039;: &#039;&#039;, &#039;digits&#039;: &#039;0&#039;\" data-hidden-behavior=\"zero\" type=\"number\" step=\"any\" min=\"1\" max=\"800\" aria-describedby=\"forminator-field-number-6_69e24f5f733bb-description\" \/><\/div><\/div><\/div><div class=\"forminator-row\"><div id=\"upload-1\" class=\"forminator-field-upload forminator-col forminator-col-12 \"><div class=\"forminator-field\"><label for=\"forminator-field-upload-1_69e24f5f733bb\" id=\"forminator-field-upload-1_69e24f5f733bb-label\" class=\"forminator-label\">Prze\u015blij plik<\/label><div class=\"forminator-file-upload \" data-element=\"upload-1_69e24f5f733bb\"><input type=\"file\" name=\"upload-1\" id=\"forminator-field-upload-1_69e24f5f733bb\" class=\"forminator-input-file\" accept=\".jpg,.jpeg,.jpe,.gif,.png,.bmp,.tiff,.tif,.webp,.avif,.ico,.heic,.heif,.heics,.heifs,.asf,.asx,.wmv,.wmx,.wm,.avi,.divx,.flv,.mov,.qt,.mpeg,.mpg,.mpe,.mp4,.m4v,.ogv,.webm,.mkv,.3gp,.3gpp,.3g2,.3gp2,.txt,.asc,.c,.cc,.h,.srt,.csv,.tsv,.ics,.rtx,.vtt,.mp3,.m4a,.m4b,.aac,.ra,.ram,.wav,.ogg,.oga,.flac,.mid,.midi,.wma,.wax,.mka,.rtf,.pdf,.class,.tar,.zip,.gz,.gzip,.7z,.psd,.xcf,.doc,.pot,.pps,.ppt,.wri,.xla,.xls,.xlt,.xlw,.mdb,.mpp,.docx,.docm,.dotx,.dotm,.xlsx,.xlsm,.xlsb,.xltx,.xltm,.xlam,.pptx,.pptm,.ppsx,.ppsm,.potx,.potm,.ppam,.sldx,.sldm,.onetoc,.onetoc2,.onetmp,.onepkg,.oxps,.xps,.odt,.odp,.ods,.odg,.odc,.odb,.odf,.wp,.wpd,.key,.numbers,.pages\" tabindex=\"-1\"><button id=\"forminator-field-upload-1_69e24f5f733bb_button\" class=\"forminator-button forminator-button-upload\" data-id=\"forminator-field-upload-1_69e24f5f733bb\">Wybierz plik<\/button><span data-empty-text=\"Nie wybrano \u017cadnego pliku\">Nie wybrano \u017cadnego pliku<\/span><button class=\"forminator-button-delete\" style=\"display: none;\"><i class=\"forminator-icon-close\" aria-hidden=\"true\"><\/i><span class=\"forminator-screen-reader-only\">Usu\u0144 przes\u0142any plik<\/span><\/button><\/div><\/div><\/div><\/div><input type=\"hidden\" name=\"referer_url\" value=\"\" \/><div class=\"forminator-row forminator-row-last\"><div class=\"forminator-col\"><div class=\"forminator-field\"><button class=\"forminator-button forminator-button-submit\">Wy\u015blij wiadomo\u015b\u0107<\/button><\/div><\/div><\/div><input type=\"hidden\" id=\"forminator_nonce\" name=\"forminator_nonce\" value=\"78b7692a2a\" \/><input type=\"hidden\" name=\"_wp_http_referer\" value=\"\/index.php\/wp-json\/wp\/v2\/pages\/287\" \/><input type=\"hidden\" name=\"form_id\" value=\"299\"><input type=\"hidden\" name=\"page_id\" value=\"287\"><input type=\"hidden\" name=\"form_type\" value=\"default\"><input type=\"hidden\" name=\"current_url\" value=\"https:\/\/avm-baranski.com\/index.php\/zapytanie-o-wymiennik-plytowy-krzyzowy\/\"><input type=\"hidden\" name=\"render_id\" value=\"0\"><input type=\"hidden\" name=\"action\" value=\"forminator_submit_form_custom-forms\"><\/form>\n","protected":false},"excerpt":{"rendered":"<p>Dane do doboru wymiennika p\u0142ytowego<\/p>\n","protected":false},"author":1,"featured_media":0,"parent":0,"menu_order":0,"comment_status":"closed","ping_status":"closed","template":"","meta":{"_acf_changed":false,"footnotes":""},"class_list":["post-287","page","type-page","status-publish","hentry"],"acf":[],"jetpack_sharing_enabled":true,"_links":{"self":[{"href":"https:\/\/avm-baranski.com\/index.php\/wp-json\/wp\/v2\/pages\/287","targetHints":{"allow":["GET"]}}],"collection":[{"href":"https:\/\/avm-baranski.com\/index.php\/wp-json\/wp\/v2\/pages"}],"about":[{"href":"https:\/\/avm-baranski.com\/index.php\/wp-json\/wp\/v2\/types\/page"}],"author":[{"embeddable":true,"href":"https:\/\/avm-baranski.com\/index.php\/wp-json\/wp\/v2\/users\/1"}],"replies":[{"embeddable":true,"href":"https:\/\/avm-baranski.com\/index.php\/wp-json\/wp\/v2\/comments?post=287"}],"version-history":[{"count":11,"href":"https:\/\/avm-baranski.com\/index.php\/wp-json\/wp\/v2\/pages\/287\/revisions"}],"predecessor-version":[{"id":1611,"href":"https:\/\/avm-baranski.com\/index.php\/wp-json\/wp\/v2\/pages\/287\/revisions\/1611"}],"wp:attachment":[{"href":"https:\/\/avm-baranski.com\/index.php\/wp-json\/wp\/v2\/media?parent=287"}],"curies":[{"name":"wp","href":"https:\/\/api.w.org\/{rel}","templated":true}]}}