{"id":2846,"date":"2025-04-22T10:59:34","date_gmt":"2025-04-22T08:59:34","guid":{"rendered":"https:\/\/avm-baranski.com\/?page_id=2846"},"modified":"2025-04-22T10:59:34","modified_gmt":"2025-04-22T08:59:34","slug":"abc-doboru-pomp","status":"publish","type":"page","link":"https:\/\/avm-baranski.com\/index.php\/abc-doboru-pomp\/","title":{"rendered":"ABC doboru pomp"},"content":{"rendered":"\n<div class=\"wp-block-cover alignfull\" style=\"margin-top:0;min-height:146px;aspect-ratio:unset;\"><img loading=\"lazy\" decoding=\"async\" width=\"851\" height=\"249\" class=\"wp-block-cover__image-background wp-image-87\" alt=\"\" src=\"https:\/\/avm-baranski.com\/wp-content\/uploads\/2025\/03\/woda_kropla3-1.jpg\" data-object-fit=\"cover\" srcset=\"https:\/\/avm-baranski.com\/wp-content\/uploads\/2025\/03\/woda_kropla3-1.jpg 851w, https:\/\/avm-baranski.com\/wp-content\/uploads\/2025\/03\/woda_kropla3-1-300x88.jpg 300w, https:\/\/avm-baranski.com\/wp-content\/uploads\/2025\/03\/woda_kropla3-1-768x225.jpg 768w\" sizes=\"auto, (max-width: 851px) 100vw, 851px\" \/><span aria-hidden=\"true\" class=\"wp-block-cover__background has-black-background-color has-background-dim-0 has-background-dim\"><\/span><div class=\"wp-block-cover__inner-container is-layout-flow wp-block-cover-is-layout-flow\">\n<h4 class=\"wp-block-heading has-text-align-center\"><img loading=\"lazy\" decoding=\"async\" width=\"70\" height=\"53\" class=\"wp-image-1476\" style=\"width: 70px;\" src=\"https:\/\/avm-baranski.com\/wp-content\/uploads\/2025\/03\/Logo-AVM.gif\" alt=\"\"><strong><em>AVM-Bara\u0144ski<\/em><\/strong><em><strong>                                     <\/strong><\/em> <em><strong>               od 2008 r oferujemy w<\/strong><\/em><strong><em>sparcie techniczne dla firm.<\/em><\/strong><\/h4>\n\n\n\n<div class=\"wp-block-buttons is-content-justification-right is-layout-flex wp-container-core-buttons-is-layout-d445cf74 wp-block-buttons-is-layout-flex\">\n<div class=\"wp-block-button is-style-outline is-style-outline--1\"><a class=\"wp-block-button__link has-text-align-right wp-element-button\" href=\"https:\/\/avm-baranski.com\/index.php\/glowna\/\">Oferta<\/a><\/div>\n\n\n\n<div class=\"wp-block-button is-style-outline is-style-outline--2\"><a class=\"wp-block-button__link has-text-align-right wp-element-button\" href=\"https:\/\/avm-baranski.com\/index.php\/kontakt\/\">Kontakt<\/a><\/div>\n\n\n\n<div class=\"wp-block-button is-style-outline is-style-outline--3\"><a class=\"wp-block-button__link has-text-align-right wp-element-button\" href=\"https:\/\/avm-baranski.com\/index.php\/produkty\/\">Produkty<\/a><\/div>\n\n\n\n<div class=\"wp-block-button is-style-outline is-style-outline--4\"><a class=\"wp-block-button__link has-text-align-right wp-element-button\" href=\"https:\/\/avm-baranski.com\/index.php\/wymienniki-ciepla\/\">Wymienniki ciep\u0142a<\/a><\/div>\n\n\n\n<div class=\"wp-block-button is-style-outline is-style-outline--5\"><a class=\"wp-block-button__link has-text-align-right wp-element-button\" href=\"https:\/\/avm-baranski.com\/index.php\/pompy\/\">Pompy<\/a><\/div>\n\n\n\n<div class=\"wp-block-button is-style-outline is-style-outline--6\"><a class=\"wp-block-button__link wp-element-button\" href=\"https:\/\/avm-baranski.com\/index.php\/blog\/\">Blog<\/a><\/div>\n<\/div>\n<\/div><\/div>\n\n\n\n<p>&nbsp;ABC doboru pomp<\/p>\n\n\n\n<p>Jak dobiera\u0107 pompy?<\/p>\n\n\n\n<p>Przy du\u017cej r\u00f3\u017cnorodno\u015bci pomp i r\u00f3wnie du\u017cej ilo\u015bci aplikacji \u2013 np. od pobierania wody pitnej ze studni po pompy wykorzystywane w technice kosmicznej, mamy do wyboru wiele potencjalnych mo\u017cliwo\u015bci spe\u0142niaj\u0105ce okre\u015blone wymogi. Producenci oferuj\u0105 r\u00f3\u017cne rozwi\u0105zania czasami zbli\u017cone do siebie, a czasami zaskakuj\u0105co inne. Aby wybra\u0107 rozwi\u0105zanie optymalne pod k\u0105tem ekonomicznym, budowy i eksploatacji instalacji, dla kt\u00f3rej pompa jest przewidziana nale\u017cy wykona\u0107 kilka niezb\u0119dnych krok\u00f3w.<\/p>\n\n\n\n<p>PARAMETRY QH<\/p>\n\n\n\n<p>Aby rozpocz\u0105\u0107 dob\u00f3r pompy nale\u017cy w pierwszej kolejno\u015bci okre\u015bli\u0107 parametry pracy tzw punkt pracy. Przy cieczach o w\u0142a\u015bciwo\u015bciach fizyko-chemicznych zbli\u017conych do wody rozwi\u0105zaniem b\u0119dzie najcz\u0119\u015bciej najbardziej popularny obecnie typ pompy czyli pompa wirowa. Na charakterystyce pompy Q-H szukamy obszaru spe\u0142niaj\u0105cego nasze wymagania. W r\u00f3\u017cnych obszarach tego pola wyst\u0119puj\u0105 pompy osi\u0105gaj\u0105ce w nich r\u00f3\u017cne najwy\u017csze sprawno\u015bci.<\/p>\n\n\n\n<p>Kszta\u0142ty wirnik\u00f3w pomp s\u0105 zwi\u0105zane z wielko\u015bci\u0105 zwan\u0105 wyr\u00f3\u017cnikiem szybkobie\u017cno\u015bci, kt\u00f3r\u0105 liczy si\u0119 jak ni\u017cej.<\/p>\n\n\n\n\n\n<p>Okre\u015blenie rodzaju pompy odpowiedniego dla zadanych parametr\u00f3w Q-H skutkuje wyborem typoszeregu, a w ramach danego typoszeregu w\u0142a\u015bciwej pompy. Wykonanie tej pompy mo\u017ce by\u0107 dostosowane do punktu pracy przez np. doci\u0119cie wirnika lub zmian\u0119 pr\u0119dko\u015bci obrotowej. Otrzymujemy konkretny typ pompy o w\u0142a\u015bciwie dobranej charakterystyce.<\/p>\n\n\n\n<p>Powtarzaj\u0105c t\u0119 czynno\u015b\u0107 dla innych typ\u00f3w\/producent\u00f3w i por\u00f3wnuj\u0105c ich cechy mamy mo\u017cliwo\u015b\u0107 wyboru optymalnego rozwi\u0105zania.<\/p>\n\n\n\n<p>SPRAWNO\u015a\u0106<\/p>\n\n\n\n<p>Bardzo istotnym parametrem, kt\u00f3ry powinni\u015bmy uwzgl\u0119dni\u0107 przy doborze jest sprawno\u015b\u0107. Sprawno\u015b\u0107 deklarowan\u0105 przez producent\u00f3w pomp o odpowiednich parametrach Q-H mo\u017cna por\u00f3wna\u0107 z warto\u015bciami osi\u0105ganymi przez pompy o najwy\u017cszej jako\u015bci- dla sprawdzenia np. klasy i jako\u015bci wyrobu. Dane statystyczne okre\u015blaj\u0105 te sprawno\u015bci dla pomp do wody czystej, jedno-stopniowych, jako funkcje wyr\u00f3\u017cnika szybkobie\u017cno\u015bci ns, i wydajno\u015bci.<\/p>\n\n\n\n\n\n<p>Znaj\u0105c ns i wydajno\u015b\u0107, znajduje si\u0119 na wykresie warto\u015b\u0107 sprawno\u015bci, do kt\u00f3rej mo\u017cna odnie\u015b\u0107 sprawno\u015b\u0107 pompy z analizowanej oferty.<\/p>\n\n\n\n<p>W wybranej grupie pomp, kt\u00f3re por\u00f3wnujemy pompa o najwy\u017cszej sprawno\u015bci powinna by\u0107 wybrana w pierwszej kolejno\u015bci.<\/p>\n\n\n\n<p>Dla pomp o ma\u0142ych mocach (np. cyrkulacyjnych) wa\u017cna jest deklarowana przez producenta klasa energetyczna pompy, (analogicznie do oznacze\u0144 sprz\u0119tu domowego).<\/p>\n\n\n\n<p>INNE WA\u017bNE PARAMETRY<\/p>\n\n\n\n<p>Niejednokrotnie konieczne jest sprawdzenie zdolno\u015bci ssania wyra\u017cona parametrem NPSHR, mo\u017ce to mie\u0107 istotne znaczenie dla wyboru pompy. W szczeg\u00f3lnych przypadkach mo\u017ce r\u00f3wnie\u017c mie\u0107 znaczenie stromo\u015b\u0107 charakterystyki, mo\u017cliwo\u015b\u0107 regulacji wydajno\u015bci, poziom g\u0142o\u015bno\u015b\u0107 itd.<\/p>\n\n\n\n<p>WA\u017bNE CECHY KONSTRUKCYJNE<\/p>\n\n\n\n<ul class=\"wp-block-list\">\n<li>wykonanie odpowiednie do pompowania okre\u015blonego rodzaju cieczy (woda czysta\/ \/\u015bciek\/olej itd),<\/li>\n\n\n\n<li>wymiary gabarytowe, np. odpowiednie dla wymiany pompy na stanowisku lub zabudowy w za\u0142o\u017conej konfiguracji (pionowa\/pozioma; standardowa\/zatapialna\/hermetyczna itd),<\/li>\n<\/ul>\n\n\n\n<p>\u2022&nbsp;&nbsp;&nbsp;&nbsp;&nbsp;&nbsp;&nbsp;&nbsp;&nbsp;&nbsp;&nbsp;&nbsp; rodzaj nap\u0119du i spos\u00f3b przeniesienia nap\u0119du,<\/p>\n\n\n\n<p>\u2022&nbsp;&nbsp;&nbsp;&nbsp;&nbsp;&nbsp;&nbsp;&nbsp;&nbsp;&nbsp;&nbsp;&nbsp; rodzaj uszczelnienia wa\u0142u,<\/p>\n\n\n\n<p>\u2022&nbsp;&nbsp;&nbsp;&nbsp;&nbsp;&nbsp;&nbsp;&nbsp;&nbsp;&nbsp;&nbsp;&nbsp; spos\u00f3b \u0142o\u017cyskowania itp.<\/p>\n\n\n\n<p>INNE WA\u017bNE CZYNNIKI<\/p>\n\n\n\n<p>Na wyb\u00f3r rozwi\u0105zania mog\u0105 rzutowa\u0107 r\u00f3wnie\u017c:<\/p>\n\n\n\n<ul class=\"wp-block-list\">\n<li>rekomendacje dostawcy,<\/li>\n\n\n\n<li>lista referencyjna<\/li>\n\n\n\n<li>warunki gwarancji,<\/li>\n\n\n\n<li>zapewnienie serwisu i dostaw cz\u0119\u015bci zamiennych,<\/li>\n\n\n\n<li>do\u015bwiadczenie u\u017cytkownika z eksploatacji pomp w danych warunkach oraz cena.<\/li>\n<\/ul>\n\n\n\n<p>CENA<\/p>\n\n\n\n<p>Istotnym a cz\u0119sto najistotniejszym parametrem decyduj\u0105cym o wyborze pompy jest jej cena. Patrz\u0105c racjonalnie na problem nie powinna ona stanowi\u0107 najwa\u017cniejszego kryterium w wyborze pompy. Jednak niestety jest ona cz\u0119sto najwa\u017cniejszym kryterium wyboru. Pompa jest elementem, niew\u0105tpliwie najwa\u017cniejszym, ka\u017cdej pompowni. Wydatki na budow\u0119 pompowni sk\u0142adaj\u0105 si\u0119 z wielu element\u00f3w. Udzia\u0142y koszt\u00f3w r\u00f3\u017cni\u0105 si\u0119 niekiedy znacznie, tak jak r\u00f3\u017cne s\u0105 pompownie, jednak koszt pomp wraz z nap\u0119dami nie stanowi w nich czynnika decyduj\u0105cego.<\/p>\n\n\n\n<p>Cena pomp jak i koszt jej eksploatacji nie przekracza zwykle kilku do kilkunastu procent kosztu pompowni. Dlatego oszcz\u0119dno\u015bci na koszcie zakupu pompy maj\u0105 tylko niewielki udzia\u0142 w koszcie budowy pompowni i minimalny w kosztach eksploatacji.<\/p>\n\n\n\n<p>Czynnik ceny pompy zas\u0142uguje na szczeg\u00f3lne traktowanie jako wa\u017cny element szeroko poj\u0119tej optymalizacji nie powinien by\u0107 jednak g\u0142\u00f3wnym a na pewno nie jedynym branym pod uwag\u0119 przy wyborze rozwi\u0105zania.<\/p>\n\n\n\n<p>ANALIZA WYNIK\u00d3W<\/p>\n\n\n\n<p>Jak wida\u0107 optymalny dob\u00f3r nie jest \u0142atwy.<\/p>\n\n\n\n<p>Od jako\u015bci wykonania pompy zale\u017c\u0105 nie tylko koszty jej eksploatacji, mog\u0105 te\u017c zale\u017ce\u0107 koszty usuwania skutk\u00f3w awarii.<\/p>\n\n\n\n<p>W wielu aplikacjach cena pompy mo\u017ce by\u0107 tylko niewielkim u\u0142amkiem koszt\u00f3w eksploatacji instalacji, w\u00f3wczas cena ta nie gra \u017cadnej roli w decyzji wyboru pompy.<\/p>\n\n\n\n<p>W standardowych zastosowaniach cena jest jednym- pami\u0119tajmy, \u017ce nie jedynym- ze sk\u0142adnik\u00f3w kalkulacji na etapie decydowania o wyborze jednej z kilku por\u00f3wnywanych pomp.<\/p>\n\n\n\n<p>Metoda LCC- Life Cycle Cost (Koszt Cyklu \u017bycia)<\/p>\n\n\n\n<p>Metoda ta okre\u015bla sum\u0119 wszystkich koszt\u00f3w ponoszonych od zakupu (\u0142\u0105cznie z kosztami poprzedzaj\u0105cymi, np. projektu) do wycofania pompy z eksploatacji (\u0142\u0105cznie z kosztami z\u0142omowania.<\/p>\n\n\n\n<p>Sk\u0142adowych LCC w okre\u015blonym, zwykle 20-letnim cyklu, mo\u017ce by\u0107 wiele, jednak najwa\u017cniejsze to:<\/p>\n\n\n\n<p>\u2022&nbsp;&nbsp;&nbsp;&nbsp;&nbsp;&nbsp;&nbsp;&nbsp;&nbsp;&nbsp;&nbsp;&nbsp; koszt zakupu pompy (g\u0142\u00f3wnie jej cena),<\/p>\n\n\n\n<p>\u2022&nbsp;&nbsp;&nbsp;&nbsp;&nbsp;&nbsp;&nbsp;&nbsp;&nbsp;&nbsp;&nbsp;&nbsp; koszt zu\u017cycia energii (zale\u017cny g\u0142\u00f3wnie od sprawno\u015bci),<\/p>\n\n\n\n<p>\u2022&nbsp;&nbsp;&nbsp;&nbsp;&nbsp;&nbsp;&nbsp;&nbsp;&nbsp;&nbsp;&nbsp;&nbsp; koszt utrzymania ruchu (zale\u017cny od niezawodno\u015bci, koszt\u00f3w serwisu i cz\u0119\u015bci zamiennych),<\/p>\n\n\n\n<p>\u2022&nbsp;&nbsp;&nbsp;&nbsp;&nbsp;&nbsp;&nbsp;&nbsp;&nbsp;&nbsp;&nbsp;&nbsp; koszty instalowania, sterowania, usterek itd.<\/p>\n\n\n\n<p>Dla ka\u017cdej z por\u00f3wnywanych pomp okre\u015bla si\u0119 sum\u0119 tych koszt\u00f3w. Przyjmijmy ich znaczenia:<\/p>\n\n\n\n<p>C- cena plus pozosta\u0142e koszty nabycia,<\/p>\n\n\n\n<p>E &#8211; koszt energii,<\/p>\n\n\n\n<p>U &#8211; koszt utrzymania ruchu,<\/p>\n\n\n\n<p>R &#8211; pozosta\u0142e koszty.<\/p>\n\n\n\n<p>(C+E+U+R) min<\/p>\n\n\n\n<p>Suma tych wszystkich wydatk\u00f3w daje nam prawdziwy obraz koszt\u00f3w kt\u00f3re poniesiemy w czasie ca\u0142ego okresu jej eksploatacji.<\/p>\n\n\n\n<p>Dlatego por\u00f3wnuj\u0105c kilka rozwi\u0105za\u0144 powinni\u015bmy wzi\u0105\u0107 w\u0142a\u015bnie ten parametr (a nie tylko cen\u0119 zakupu pompy) pod uwag\u0105 decyduj\u0105c si\u0119 na zakup.<\/p>\n\n\n\n<p>CZ\u0118STE B\u0141\u0118DY DOBORU<\/p>\n\n\n\n<p>Na podstawie danych statystycznych rezerwy zu\u017cywanej energii w instalacjach pompowych w Polsce (podobnie w USA i Europie) wynosz\u0105 ok. 30%, a w szczeg\u00f3lnych zastosowaniach i instalacjach dochodz\u0105 nawet do 50%.<\/p>\n\n\n\n<p>Przyczyn\u0105 jest g\u0142\u00f3wnie b\u0142\u0119dny dob\u00f3r pomp w stosunku do rzeczywistych wymaga\u0144 instalacji. Podstawowym b\u0142\u0119dem jest stosowanie pomp o zawy\u017conych parametrach. Jest to powszechna praktyka projektant\u00f3w, kt\u00f3rzy obawiaj\u0105 si\u0119 skutk\u00f3w braku wydajno\u015bci lub ci\u015bnienia. Rezerwy zak\u0142ada si\u0119 ju\u017c na etapie projektu technologicznego, okre\u015blaj\u0105c np. zapotrzebowanie procesu z wysok\u0105 tolerancj\u0105 in plus. Nast\u0119pnie dobiera si\u0119 pomp\u0119 o charakterystyce przewy\u017cszaj\u0105cej te parametry, t\u0142umacz\u0105c brakiem pompy idealnie pasuj\u0105cej, spodziewanymi odchy\u0142kami charakterystyki od katalogowej oraz tzw. nadwy\u017ck\u0105 na zu\u017cycie. Skutkuje to prac\u0105 z zawy\u017con\u0105 wydajno\u015bci\u0105, obni\u017con\u0105 sprawno\u015bci\u0105 i zwi\u0119kszonym poborem mocy. Mog\u0105 powstawa\u0107 drgania i powi\u0119ksza si\u0119 zagro\u017cenie erozj\u0105. Praca instalacji z faktycznie wymagan\u0105 wydajno\u015bci\u0105 Q wymaga d\u0142awienia co prowadzi do strat mocy. Poprawnie dobrana pompa powinna mie\u0107 charakterystyk\u0119 przechodz\u0105c\u0105 przez punkt pracy (lub bardzo blisko punktu pracy) co pozwala unikn\u0105\u0107 strat ci\u015bnienia.<\/p>\n\n\n\n<p>KOREKTA PARAMETR\u00d3W POMPY<\/p>\n\n\n\n<p>Najprostsz\u0105 ale najmniej zalecan\u0105 praktyk\u0105 korygowania parametr\u00f3w jest d\u0142awienie. Cz\u0119sto (a obecnie nawet bardzo cz\u0119sto) obni\u017ca si\u0119 charakterystyk\u0119 pompy przez obni\u017cenie obrot\u00f3w przemiennikiem cz\u0119stotliwo\u015bci (zwanym te\u017c przetwornic\u0105 lub falownikiem). Nale\u017cy zaznaczy\u0107, \u017ce jest to b\u0142\u0119dna praktyka, cho\u0107by z uwagi na koszty inwestycyjne, straty energii w przemienniku oraz wprowadzenie kolejnego ogniwa do \u0142a\u0144cucha niezawodno\u015bci. Falowniki s\u0105 narz\u0119dziem regulacji, a nie urz\u0105dzeniem do korygowania b\u0142\u0119d\u00f3w. Pompa powinna by\u0107 precyzyjnie dobrana, a dla korekty charakterystyki nale\u017cy stosowa\u0107 staczanie wirnika. Charakterystyk\u0119 pompy wielostopniowej mo\u017cna te\u017c obni\u017ca\u0107 przez eliminacj\u0119 jednego ze stopni.<\/p>\n\n\n\n<p>PODSUMOWANIE<\/p>\n\n\n\n<p>Poprawny dob\u00f3r pompy jest podstawowym warunkiem uzyskania sprawnej i niezawodnej eksploatacji. Wymaga on przede wszystkim precyzyjnego okre\u015blenia wymaganych parametr\u00f3w Q-H i poszukiwania pompy zapewniaj\u0105cej najni\u017csze koszty u\u017cytkowania w okresie np. 20 lat, liczone jako suma najwa\u017cniejszych sk\u0142adnik\u00f3w kosztu zu\u017cywanej energii, kosztu utrzymania ruchu i kosztu zakupu.<\/p>\n\n\n\n<p><\/p>\n","protected":false},"excerpt":{"rendered":"<p>&nbsp;ABC doboru pomp Jak dobiera\u0107 pompy? Przy du\u017cej r\u00f3\u017cnorodno\u015bci pomp i r\u00f3wnie du\u017cej ilo\u015bci aplikacji \u2013 np. od pobierania wody pitnej ze studni po pompy wykorzystywane w technice kosmicznej, mamy do wyboru wiele potencjalnych mo\u017cliwo\u015bci spe\u0142niaj\u0105ce okre\u015blone wymogi. Producenci oferuj\u0105 r\u00f3\u017cne rozwi\u0105zania czasami zbli\u017cone do siebie, a czasami zaskakuj\u0105co inne. Aby wybra\u0107 rozwi\u0105zanie optymalne pod [&hellip;]<\/p>\n","protected":false},"author":1,"featured_media":0,"parent":0,"menu_order":0,"comment_status":"closed","ping_status":"closed","template":"","meta":{"_acf_changed":false,"footnotes":""},"class_list":["post-2846","page","type-page","status-publish","hentry"],"acf":[],"jetpack_sharing_enabled":true,"_links":{"self":[{"href":"https:\/\/avm-baranski.com\/index.php\/wp-json\/wp\/v2\/pages\/2846","targetHints":{"allow":["GET"]}}],"collection":[{"href":"https:\/\/avm-baranski.com\/index.php\/wp-json\/wp\/v2\/pages"}],"about":[{"href":"https:\/\/avm-baranski.com\/index.php\/wp-json\/wp\/v2\/types\/page"}],"author":[{"embeddable":true,"href":"https:\/\/avm-baranski.com\/index.php\/wp-json\/wp\/v2\/users\/1"}],"replies":[{"embeddable":true,"href":"https:\/\/avm-baranski.com\/index.php\/wp-json\/wp\/v2\/comments?post=2846"}],"version-history":[{"count":1,"href":"https:\/\/avm-baranski.com\/index.php\/wp-json\/wp\/v2\/pages\/2846\/revisions"}],"predecessor-version":[{"id":2847,"href":"https:\/\/avm-baranski.com\/index.php\/wp-json\/wp\/v2\/pages\/2846\/revisions\/2847"}],"wp:attachment":[{"href":"https:\/\/avm-baranski.com\/index.php\/wp-json\/wp\/v2\/media?parent=2846"}],"curies":[{"name":"wp","href":"https:\/\/api.w.org\/{rel}","templated":true}]}}