{"id":2467,"date":"2025-03-28T10:54:13","date_gmt":"2025-03-28T09:54:13","guid":{"rendered":"https:\/\/avm-baranski.com\/?page_id=2467"},"modified":"2025-09-25T14:31:30","modified_gmt":"2025-09-25T12:31:30","slug":"pompy-od-a-do-z","status":"publish","type":"page","link":"https:\/\/avm-baranski.com\/index.php\/pompy-od-a-do-z\/","title":{"rendered":"Pompy od A do Z"},"content":{"rendered":"\n<div class=\"wp-block-cover alignfull\" style=\"margin-top:0;min-height:146px;aspect-ratio:unset;\"><img loading=\"lazy\" decoding=\"async\" width=\"851\" height=\"249\" class=\"wp-block-cover__image-background wp-image-87\" alt=\"\" src=\"https:\/\/avm-baranski.com\/wp-content\/uploads\/2025\/03\/woda_kropla3-1.jpg\" data-object-fit=\"cover\" srcset=\"https:\/\/avm-baranski.com\/wp-content\/uploads\/2025\/03\/woda_kropla3-1.jpg 851w, https:\/\/avm-baranski.com\/wp-content\/uploads\/2025\/03\/woda_kropla3-1-300x88.jpg 300w, https:\/\/avm-baranski.com\/wp-content\/uploads\/2025\/03\/woda_kropla3-1-768x225.jpg 768w\" sizes=\"auto, (max-width: 851px) 100vw, 851px\" \/><span aria-hidden=\"true\" class=\"wp-block-cover__background has-black-background-color has-background-dim-0 has-background-dim\"><\/span><div class=\"wp-block-cover__inner-container is-layout-flow wp-block-cover-is-layout-flow\">\n<h4 class=\"wp-block-heading has-text-align-center\"><img loading=\"lazy\" decoding=\"async\" width=\"70\" height=\"53\" class=\"wp-image-1476\" style=\"width: 70px;\" src=\"https:\/\/avm-baranski.com\/wp-content\/uploads\/2025\/03\/Logo-AVM.gif\" alt=\"\"><strong><em>AVM-Bara\u0144ski<\/em><\/strong><em><strong>                                     <\/strong><\/em> <em><strong>               od 2008 r oferujemy w<\/strong><\/em><strong><em>sparcie techniczne dla firm.<\/em><\/strong><\/h4>\n\n\n\n<div class=\"wp-block-buttons is-content-justification-right is-layout-flex wp-container-core-buttons-is-layout-d445cf74 wp-block-buttons-is-layout-flex\">\n<div class=\"wp-block-button is-style-outline is-style-outline--1\"><a class=\"wp-block-button__link has-text-align-right wp-element-button\" href=\"https:\/\/avm-baranski.com\/index.php\/glowna\/\">Oferta<\/a><\/div>\n\n\n\n<div class=\"wp-block-button is-style-outline is-style-outline--2\"><a class=\"wp-block-button__link has-text-align-right wp-element-button\" href=\"https:\/\/avm-baranski.com\/index.php\/kontakt\/\">Kontakt<\/a><\/div>\n\n\n\n<div class=\"wp-block-button is-style-outline is-style-outline--3\"><a class=\"wp-block-button__link has-text-align-right wp-element-button\" href=\"https:\/\/avm-baranski.com\/index.php\/produkty\/\">Produkty<\/a><\/div>\n\n\n\n<div class=\"wp-block-button is-style-outline is-style-outline--4\"><a class=\"wp-block-button__link has-text-align-right wp-element-button\" href=\"https:\/\/avm-baranski.com\/index.php\/wymienniki-ciepla\/\">Wymienniki ciep\u0142a<\/a><\/div>\n\n\n\n<div class=\"wp-block-button is-style-outline is-style-outline--5\"><a class=\"wp-block-button__link has-text-align-right wp-element-button\" href=\"https:\/\/avm-baranski.com\/index.php\/pompy\/\">Pompy<\/a><\/div>\n\n\n\n<div class=\"wp-block-button is-style-outline is-style-outline--6\"><a class=\"wp-block-button__link wp-element-button\" href=\"https:\/\/avm-baranski.com\/index.php\/blog\/\">Blog<\/a><\/div>\n<\/div>\n<\/div><\/div>\n\n\n\n<div class=\"wp-block-columns alignfull is-layout-flex wp-container-core-columns-is-layout-28f84493 wp-block-columns-is-layout-flex\">\n<div class=\"wp-block-column is-layout-flow wp-block-column-is-layout-flow\" style=\"flex-basis:100%\"><\/div>\n<\/div>\n\n\n\n<div class=\"wp-block-columns are-vertically-aligned-center is-layout-flex wp-container-core-columns-is-layout-28f84493 wp-block-columns-is-layout-flex\">\n<div class=\"wp-block-column is-vertically-aligned-center is-layout-flow wp-block-column-is-layout-flow\">\n<style>\n.dropbtn1 {\n  background-color: grey;\n  color: black;\n  padding: 10px;\n  font-size: 16px;\n  border: none;\n  border-radius: 15px;\n}\n\n.dropdown {\n  position: relative;\n  display: inline-block;\n}\n\n.dropdown-content {\n  display: none;\n  position: absolute;\n  background-color: grey;\n  min-width: 160px;\n  box-shadow: 0px 8px 16px 0px rgba(0,0,0,0.2);\n  z-index: 1;\n}\n\n.dropdown-content a {\n  color: black;\n  padding: 12px 16px;\n  text-decoration: none;\n  display: inline-block;\n}\n\n.dropdown-content a:hover {background-color: orange;}\n\n.dropdown:hover .dropdown-content {display: block;}\n\n.dropdown:hover .dropbtn {background-color: orange;}\n<\/style>\n<div class=\"dropdown\">\n  <button class=\"dropbtn1\">Wybierz pomp\u0119 wg typu<\/button>\n  <div class=\"dropdown-content\">\n    <a href=\"https:\/\/avm-baranski.com\/index.php\/typy-pomp-jednowirnikowe\/#J\">Jednowirnikowe<\/a>\n<a href=\"https:\/\/avm-baranski.com\/index.php\/typy-pomp-wielostopniowe\/#W\">Wielostopniowe<\/a>\n<a href=\"https:\/\/avm-baranski.com\/index.php\/typy-pomp-cyrkulatory\/#C\">Cyrkulatory<\/a>\n<a href=\"https:\/\/avm-baranski.com\/index.php\/typy-pomp-zatapialne\/#Z\">Zatapialne<\/a>\n<a href=\"https:\/\/avm-baranski.com\/index.php\/typy-pomp-glebinowe\/#Gl\">G\u0142\u0119binowe<\/a>\n<a href=\"https:\/\/avm-baranski.com\/index.php\/typy-pomp-zestawy-hydroforowe\/#ZH\">Zestawy hydroforowe<\/a>\n<a href=\"https:\/\/avm-baranski.com\/index.php\/typy-pomp-samozasysajace\/#S\">Samozasysaj\u0105ce<\/a>\n<a href=\"https:\/\/avm-baranski.com\/index.php\/typy-pomp-prefabrykowane-przepompownie-sciekow\/#PPS\">Przepompownie \u015bciek\u00f3w<\/a>\n<a href=\"https:\/\/avm-baranski.com\/index.php\/typy-pomp-membramowe\/#M\">Membranowe<\/a>\n<a href=\"https:\/\/avm-baranski.com\/index.php\/typy-pomp-dozujace\/#D\">Dozuj\u0105ce<\/a>\n     <\/div>\n  <\/div>\n<\/div>\n<\/div>\n\n\n\n<div class=\"wp-block-columns alignwide is-layout-flex wp-container-core-columns-is-layout-28f84493 wp-block-columns-is-layout-flex\">\n<div class=\"wp-block-column is-layout-flow wp-block-column-is-layout-flow\" style=\"flex-basis:100%\">\n<style>\n.dropbtn {\n  background-color: white;\n  color: white;\n  padding: 10px;\n  font-size: 16px;\n  border: none;\n  border-radius: 5px;\n}\n<\/style>\n<div class=\"container\">\n        <h4>Wybierz pomp\u0119 wg producenta<\/h4>\n    <\/div>\n    <div class=\"pb-2x desktop-hidden\">\n        \n    <\/div>\n    <div class=\"container pb-2x\">\n        <div class=\"producer-index\">\n<div class=\"newspaper1\">\n<div id=\"A\"><div class=\"letter-initial\">A<\/div>\n<ul><li><a href=\"https:\/\/avm-baranski.com\/index.php\/pompy-armstrong\/\" class=\"producer-link\">Armstrong<\/a><\/li>\n<li> <div class=\"dropdown\">\n  <button class=\"dropbtn\"><a href=\"https:\/\/avm-baranski.com\/index.php\/pompy-arven\/\" class=\"producer-link\" >Arven<\/a><\/button>\n  <div class=\"dropdown-content\">\n        <a href=\" https:\/\/avm-baranski.com\/index.php\/pompy\/#Aj\">Pompy jednowirnikowe<\/a>\n    <a href=\" https:\/\/avm-baranski.com\/index.php\/pompy\/#Aw\">Wielostopniowe<\/a>\n<a href=\"https:\/\/avm-baranski.com\/index.php\/pompy\/#Az\">Pompy zatapialne<\/a>\n<a href=\" https:\/\/avm-baranski.com\/index.php\/pompy\/#As\">Pompy samozasysaj\u0105ce<\/a>\n\n<\/li>\n<\/ul><\/div>\n<div id=\"B\"><div class=\"letter-initial\">B<\/div>\n<ul><li> <div class=\"dropdown\">\n  <button class=\"dropbtn\"><a href=\"https:\/\/avm-baranski.com\/index.php\/pompy-brinkmann\/\" class=\"producer-link\" >Brinkmann<\/a><\/button>\n  <div class=\"dropdown-content\">\n    <a href=\" https:\/\/avm-baranski.com\/index.php\/pompy\/#Bz\">Pompy zatapialne<\/a><\/li><\/ul><\/div>\n\n<div id=\"C\"><div class=\"letter-initial\">C<\/div><ul><li><a href=\"https:\/\/avm-baranski.com\/index.php\/pompy-calpeda\/\" class=\"producer-link\">Calpeda<\/a><\/li><\/ul><\/div>\n\n<div id=\"E\"><div class=\"letter-initial\">E<\/div>\n<ul><li> <div class=\"dropdown\">\n  <button class=\"dropbtn\"><a href=\"https:\/\/avm-baranski.com\/index.php\/pompy-ebara\/\" class=\"producer-link\" >Ebara<\/a><\/button>\n  <div class=\"dropdown-content\">\n        <a href=\" https:\/\/avm-baranski.com\/index.php\/pompy\/#Ej\">Pompy jednowirnikowe<\/a>\n    <a href=\" https:\/\/avm-baranski.com\/index.php\/pompy\/#Ew\">Wielostopniowe<\/a>\n<a href=\"https:\/\/avm-baranski.com\/index.php\/pompy\/#Ez\">Pompy zatapialne<\/a>\n<a href=\" https:\/\/avm-baranski.com\/index.php\/pompy\/#Eg\">Pompy g\u0142\u0119binowe<\/a>\n\n<\/li><\/ul><\/div>\n<div id=\"F\"><div class=\"letter-initial\">F<\/div><ul><li><a href=\"https:\/\/avm-baranski.com\/index.php\/pompy-franklin-electric\/\" class=\"producer-link\">Franklin Electric<\/a><\/li><\/ul><\/div>\n\n<div id=\"G\"><div class=\"letter-initial\">G<\/div>\n<ul><li> <div class=\"dropdown\">\n  <button class=\"dropbtn\"><a href=\"https:\/\/avm-baranski.com\/index.php\/pompy-grundfos\/\" class=\"producer-link\" >Grundfos<\/a><\/button>\n  <div class=\"dropdown-content\">\n    <a href=\" https:\/\/avm-baranski.com\/index.php\/pompy\/#Gc\">Cyrkulatory<\/a>\n    <a href=\" https:\/\/avm-baranski.com\/index.php\/pompy\/#Gj\">Pompy jednowirnikowe<\/a>\n    <a href=\" https:\/\/avm-baranski.com\/index.php\/pompy\/#Gw\">Wielostopniowe<\/a>\n<a href=\"https:\/\/avm-baranski.com\/index.php\/pompy\/#Go\">Pompy zatapialne<\/a>\n<a href=\" https:\/\/avm-baranski.com\/index.php\/pompy\/#Gg\">Pompy g\u0142\u0119binowe<\/a>\n<a href=\" https:\/\/avm-baranski.com\/index.php\/pompy\/#Gd\">Pompy membranowe<\/a>\n<a href=\" https:\/\/avm-baranski.com\/index.php\/pompy\/#Gzh\">Zestawy hydroforwe<\/a><\/li><\/ul><\/div>\n\n<div id=\"H\"><div class=\"letter-initial\">H<\/div>\n<ul>\n<li><a href=\"https:\/\/avm-baranski.com\/index.php\/pompy-hydro-vacuum\/\" class=\"producer-link\">HYDRO-VACUUM<\/a><\/li>\n<li> <div class=\"dropdown\">\n  <button class=\"dropbtn\"><a href=\"https:\/\/avm-baranski.com\/index.php\/pompy-hydroo\/\" class=\"producer-link\" >HYDROO<\/a><\/button>\n  <div class=\"dropdown-content\">\n        <a href=\" https:\/\/avm-baranski.com\/index.php\/pompy\/#Hj\">Pompy jednowirnikowe<\/a>\n    <a href=\" https:\/\/avm-baranski.com\/index.php\/pompy\/#Hw\">Wielostopniowe<\/a>\n<a href=\"https:\/\/avm-baranski.com\/index.php\/pompy\/#Hz\">Pompy zatapialne<\/a>\n<a href=\" https:\/\/avm-baranski.com\/index.php\/pompy\/#Hs\">Pompy samozasysaj\u0105ce<\/a>\n<a href=\" https:\/\/avm-baranski.com\/index.php\/pompy\/#Hg\">Pompy g\u0142\u0119binowe<\/a>\n<\/li>\n<\/ul><\/div>\n<div id=\"K\"><div class=\"letter-initial\">K<\/div>\n<ul><li> <div class=\"dropdown\">\n  <button class=\"dropbtn\"><a href=\"https:\/\/avm-baranski.com\/index.php\/pompy-ksb\/\" class=\"producer-link\" >KSB<\/a><\/button>\n  <div class=\"dropdown-content\">\n    <a href=\" https:\/\/avm-baranski.com\/index.php\/pompy\/#Kc\">Cyrkulatory<\/a>\n    <a href=\" https:\/\/avm-baranski.com\/index.php\/pompy\/#Kj\">Pompy jednowirnikowe<\/a>\n    <a href=\" https:\/\/avm-baranski.com\/index.php\/pompy\/#Kw\">Wielostopniowe<\/a>\n<a href=\"https:\/\/avm-baranski.com\/index.php\/pompy\/#Kz\">Pompy zatapialne<\/a>\n<a href=\" https:\/\/avm-baranski.com\/index.php\/pompy\/#Kg\">Pompy g\u0142\u0119binowe<\/a>\n<a href=\" https:\/\/avm-baranski.com\/index.php\/pompy\/#Ks\">Pompy samozasysaj\u0105ce<\/a>\n\n<\/ul><\/div>\n\n\n<div id=\"L\"><div class=\"letter-initial\">L<\/div>\n<ul><li> <div class=\"dropdown\">\n  <button class=\"dropbtn\"><a href=\"https:\/\/avm-baranski.com\/index.php\/pompy-lowara\/\" class=\"producer-link\" >Lowara<\/a><\/button>\n  <div class=\"dropdown-content\">\n    <a href=\" https:\/\/avm-baranski.com\/index.php\/pompy\/#Lc\">Cyrkulatory<\/a>\n    <a href=\" https:\/\/avm-baranski.com\/index.php\/pompy\/#Lj\">Pompy jednowirnikowe<\/a>\n    <a href=\" https:\/\/avm-baranski.com\/index.php\/pompy\/#Lw\">Wielostopniowe<\/a>\n<a href=\"https:\/\/avm-baranski.com\/index.php\/pompy\/#Lo\">Pompy zatapialne<\/a>\n<a href=\" https:\/\/avm-baranski.com\/index.php\/pompy\/#Lg\">Pompy g\u0142\u0119binowe<\/a>\n<a href=\" https:\/\/avm-baranski.com\/index.php\/pompy\/#Lzh\">Zestawy hydroforwe<\/a>\n<\/li>\n<li> <button class=\"dropbtn\"><a href=\"https:\/\/avm-baranski.com\/index.php\/pompy-lfp\/\" class=\"producer-link\" >LFP<\/a><\/button><\/li>\n<\/ul>\n\n<\/div>\n\n<div id=\"P\"><div class=\"letter-initial\">P<\/div>\n<ul><li> <div class=\"dropdown\">\n  <button class=\"dropbtn\"><a href=\"https:\/\/avm-baranski.com\/index.php\/pompy-prominent\/\" class=\"producer-link\" >Prominent<\/a><\/button>\n  <div class=\"dropdown-content\">\n    <a href=\" https:\/\/avm-baranski.com\/index.php\/pompy\/#Pd\">Pompy dozuj\u0105ce<\/a>\n    \n<\/li>\n<\/ul>\n\n\n\n<div id=\"R\"><div class=\"letter-initial\">R<\/div>\n<ul><li> <div class=\"dropdown\">\n  <button class=\"dropbtn\"><a href=\"https:\/\/avm-baranski.com\/index.php\/pompy-rotomec\/\" class=\"producer-link\" >Rotomec<\/a><\/button>\n  <div class=\"dropdown-content\">\n    <a href=\" https:\/\/avm-baranski.com\/index.php\/pompy\/#Rz\">Pompy zatapialne<\/a>\n    \n<\/li>\n<\/ul>\n\n<\/div><div id=\"S\"><div class=\"letter-initial\">S<\/div><ul><li><a href=\"https:\/\/avm-baranski.com\/index.php\/pompy-sandpiper\/\" class=\"producer-link\">Sandpiper<\/a><\/li>\n<li><a href=\"https:\/\/avm-baranski.com\/index.php\/pompy-stairs\/\" class=\"producer-link\">Stairs<\/a><\/li>\n<\/ul><\/div>\n\n<div id=\"T\"><div class=\"letter-initial\">T<\/div>\n<ul><li><a href=\"https:\/\/avm-baranski.com\/index.php\/pompy-tapflo\/\">TAPFLO<\/a><\/li>\n<li><a href=\"https:\/\/avm-baranski.com\/index.php\/pompy-toyo\/\">TOYO<\/a><\/li>\n\n<\/ul><\/div>\n<div id=\"V\"><div class=\"letter-initial\">V<\/div><ul>\n<li><a href=\"https:\/\/avm-baranski.com\/index.php\/pompy-viking\/\" class=\"producer-link\">Viking<\/a><\/li><\/ul><\/div>\n\n<div id=\"W\"><div class=\"letter-initial\">W<\/div>\n<ul><li><a href=\"https:\/\/avm-baranski.com\/index.php\/pompy-wilden\/\" class=\"producer-link\">Wilden<\/a><\/li><li><div class=\"dropdown\"> \n<button class=\"dropbtn\">\n<a href=\"https:\/\/avm-baranski.com\/index.php\/pompy-wilo\/\" class=\"producer-link\" >WILO<\/a><\/button>\n<div class=\"dropdown-content\"> \n     <a href=\" https:\/\/avm-baranski.com\/index.php\/pompy\/#Wc\">Cyrkulatory<\/a>\n    <a href=\" https:\/\/avm-baranski.com\/index.php\/pompy\/#Wj\">Pompy jednowirnikowe<\/a>\n    <a href=\" https:\/\/avm-baranski.com\/index.php\/pompy\/#Ww\">Wielostopniowe<\/a>\n<a href=\"https:\/\/avm-baranski.com\/index.php\/pompy\/#Wz\">Pompy zatapialne<\/a>\n<a href=\" https:\/\/avm-baranski.com\/index.php\/pompy\/#Wg\">Pompy g\u0142\u0119binowe<\/a>\n<a href=\" https:\/\/avm-baranski.com\/index.php\/pompy\/#Ws\">Pompy samozasysaj\u0105ce<\/a>\n\n<a href=\" https:\/\/avm-baranski.com\/index.php\/pompy\/#Wzh\">Zestawy hydroforwe<\/a><\/li><\/ul><\/div>\n\n<div id=\"Y\"><div class=\"letter-initial\">Y<\/div><ul><li><a href=\"https:\/\/avm-baranski.com\/index.php\/pompy-yamada\/\">Yamada<\/a><\/li><\/ul>\n<\/div>        <\/div>\n    <\/div>\n<\/div>\n<\/div>\n<\/div>\n\n\n\n<p><\/p>\n","protected":false},"excerpt":{"rendered":"<p>Wybierz pomp\u0119 wg typu Jednowirnikowe Wielostopniowe Cyrkulatory Zatapialne G\u0142\u0119binowe Zestawy hydroforowe Samozasysaj\u0105ce Przepompownie \u015bciek\u00f3w Membranowe Dozuj\u0105ce Wybierz pomp\u0119 wg producenta A Armstrong Arven Pompy jednowirnikowe Wielostopniowe Pompy zatapialne Pompy samozasysaj\u0105ce B Brinkmann Pompy zatapialne C Calpeda E Ebara Pompy jednowirnikowe Wielostopniowe Pompy zatapialne Pompy g\u0142\u0119binowe F Franklin Electric G Grundfos Cyrkulatory Pompy jednowirnikowe Wielostopniowe Pompy [&hellip;]<\/p>\n","protected":false},"author":1,"featured_media":0,"parent":0,"menu_order":0,"comment_status":"closed","ping_status":"closed","template":"","meta":{"_acf_changed":false,"footnotes":""},"class_list":["post-2467","page","type-page","status-publish","hentry"],"acf":[],"jetpack_sharing_enabled":true,"_links":{"self":[{"href":"https:\/\/avm-baranski.com\/index.php\/wp-json\/wp\/v2\/pages\/2467","targetHints":{"allow":["GET"]}}],"collection":[{"href":"https:\/\/avm-baranski.com\/index.php\/wp-json\/wp\/v2\/pages"}],"about":[{"href":"https:\/\/avm-baranski.com\/index.php\/wp-json\/wp\/v2\/types\/page"}],"author":[{"embeddable":true,"href":"https:\/\/avm-baranski.com\/index.php\/wp-json\/wp\/v2\/users\/1"}],"replies":[{"embeddable":true,"href":"https:\/\/avm-baranski.com\/index.php\/wp-json\/wp\/v2\/comments?post=2467"}],"version-history":[{"count":94,"href":"https:\/\/avm-baranski.com\/index.php\/wp-json\/wp\/v2\/pages\/2467\/revisions"}],"predecessor-version":[{"id":3303,"href":"https:\/\/avm-baranski.com\/index.php\/wp-json\/wp\/v2\/pages\/2467\/revisions\/3303"}],"wp:attachment":[{"href":"https:\/\/avm-baranski.com\/index.php\/wp-json\/wp\/v2\/media?parent=2467"}],"curies":[{"name":"wp","href":"https:\/\/api.w.org\/{rel}","templated":true}]}}