{"id":219,"date":"2025-03-05T10:37:58","date_gmt":"2025-03-05T09:37:58","guid":{"rendered":"https:\/\/avm-baranski.com\/?page_id=219"},"modified":"2025-03-11T12:43:47","modified_gmt":"2025-03-11T11:43:47","slug":"lamelowe-wymienniki-ciepla","status":"publish","type":"page","link":"https:\/\/avm-baranski.com\/index.php\/lamelowe-wymienniki-ciepla\/","title":{"rendered":"Lamelowe wymienniki ciep\u0142a"},"content":{"rendered":"\n<div class=\"wp-block-cover alignfull\" style=\"margin-top:0;min-height:146px;aspect-ratio:unset;\"><span aria-hidden=\"true\" class=\"wp-block-cover__background has-black-background-color has-background-dim-0 has-background-dim\"><\/span><img loading=\"lazy\" decoding=\"async\" width=\"851\" height=\"249\" class=\"wp-block-cover__image-background wp-image-87\" alt=\"\" src=\"https:\/\/avm-baranski.com\/wp-content\/uploads\/2025\/03\/woda_kropla3-1.jpg\" data-object-fit=\"cover\" srcset=\"https:\/\/avm-baranski.com\/wp-content\/uploads\/2025\/03\/woda_kropla3-1.jpg 851w, https:\/\/avm-baranski.com\/wp-content\/uploads\/2025\/03\/woda_kropla3-1-300x88.jpg 300w, https:\/\/avm-baranski.com\/wp-content\/uploads\/2025\/03\/woda_kropla3-1-768x225.jpg 768w\" sizes=\"auto, (max-width: 851px) 100vw, 851px\" \/><div class=\"wp-block-cover__inner-container is-layout-flow wp-block-cover-is-layout-flow\">\n<h4 class=\"wp-block-heading has-text-align-center\"><img loading=\"lazy\" decoding=\"async\" width=\"70\" height=\"53\" class=\"wp-image-1476\" style=\"width: 70px;\" src=\"https:\/\/avm-baranski.com\/wp-content\/uploads\/2025\/03\/Logo-AVM.gif\" alt=\"\"><strong><em>AVM-Bara\u0144ski<\/em><\/strong><em><strong>                                     <\/strong><\/em> <em><strong>               od 2008 r oferujemy w<\/strong><\/em><strong><em>sparcie techniczne dla firm.<\/em><\/strong><\/h4>\n\n\n\n<div class=\"wp-block-buttons is-content-justification-right is-layout-flex wp-container-core-buttons-is-layout-d445cf74 wp-block-buttons-is-layout-flex\">\n<div class=\"wp-block-button is-style-outline is-style-outline--1\"><a class=\"wp-block-button__link has-text-align-right wp-element-button\" href=\"https:\/\/avm-baranski.com\/index.php\/glowna\/\">Oferta<\/a><\/div>\n\n\n\n<div class=\"wp-block-button is-style-outline is-style-outline--2\"><a class=\"wp-block-button__link has-text-align-right wp-element-button\" href=\"https:\/\/avm-baranski.com\/index.php\/kontakt\/\">Kontakt<\/a><\/div>\n\n\n\n<div class=\"wp-block-button is-style-outline is-style-outline--3\"><a class=\"wp-block-button__link has-text-align-right wp-element-button\" href=\"https:\/\/avm-baranski.com\/index.php\/produkty\/\">Produkty<\/a><\/div>\n\n\n\n<div class=\"wp-block-button is-style-outline is-style-outline--4\"><a class=\"wp-block-button__link has-text-align-right wp-element-button\" href=\"https:\/\/avm-baranski.com\/index.php\/wymienniki-ciepla\/\">Wymienniki ciep\u0142a<\/a><\/div>\n\n\n\n<div class=\"wp-block-button is-style-outline is-style-outline--5\"><a class=\"wp-block-button__link has-text-align-right wp-element-button\" href=\"https:\/\/avm-baranski.com\/index.php\/pompy\/\">Pompy<\/a><\/div>\n\n\n\n<div class=\"wp-block-button is-style-outline is-style-outline--6\"><a class=\"wp-block-button__link wp-element-button\" href=\"https:\/\/avm-baranski.com\/index.php\/blog\/\">Blog<\/a><\/div>\n<\/div>\n<\/div><\/div>\n\n\n\n<h3 class=\"wp-block-heading has-text-align-center\">Lamelowe wymienniki ciep\u0142a<\/h3>\n\n\n\n<div class=\"wp-block-buttons is-content-justification-center is-layout-flex wp-container-core-buttons-is-layout-a89b3969 wp-block-buttons-is-layout-flex\">\n<div class=\"wp-block-button is-style-outline is-style-outline--7\"><a class=\"wp-block-button__link wp-element-button\" href=\"https:\/\/avm-baranski.com\/index.php\/zapytanie-o-wymiennik-lamelowy\/\">Kliknij aby przej\u015b\u0107 do formularza zapytania o wymiennik lamelowy<\/a><\/div>\n<\/div>\n\n\n\n<div class=\"wp-block-media-text is-stacked-on-mobile\"><figure class=\"wp-block-media-text__media\"><img loading=\"lazy\" decoding=\"async\" width=\"207\" height=\"201\" src=\"https:\/\/avm-baranski.com\/wp-content\/uploads\/2025\/03\/wymiennik.jpg\" alt=\"\" class=\"wp-image-151 size-full\"\/><\/figure><div class=\"wp-block-media-text__content\">\n<p>Podstawowe zastosowanie w aplikacjach HVAC ( Heating, Ventilation, AirConditioning). Wersja specjalna wykonania ze stali nierdzewnej AISI304\/ kwasoodpornej AISI316 jest stosowana w wymagaj\u0105cych aplikacjach przemys\u0142owych<\/p>\n\n\n\n<p>S\u0142u\u017c\u0105 do transferu ciep\u0142a pomi\u0119dzy dwoma mediami: <strong>ciecz<\/strong> &#8211; najcz\u0119\u015bciej woda lub roztw\u00f3r glikolu i <strong>gaz<\/strong> &#8211; najcz\u0119\u015bciej powietrze lub spaliny.<\/p>\n\n\n\n<p>Zapewniaj\u0105 komfort cieplny w pomieszczeniach umo\u017cliwiaj\u0105c grzanie lub ch\u0142odzenie. Zapewniaj\u0105 odpowiednie parametry procesu produkcyjnego np. w suszarniach lub ch\u0142odniach. <\/p>\n\n\n\n<p>Stosowane s\u0105 r\u00f3wnie\u017c dla utrzymywania odpowiednich parametr\u00f3w pracy maszyn np. na halach produkcyjnych.<\/p>\n\n\n\n<p><a href=\"https:\/\/avm-baranski.com\/index.php\/slow-kilka-o-wymiennikach-lamelowych\/\" data-type=\"page\" data-id=\"374\">Wi\u0119cej<\/a><\/p>\n<\/div><\/div>\n\n\n\n<div class=\"wp-block-buttons is-content-justification-center is-layout-flex wp-container-core-buttons-is-layout-a89b3969 wp-block-buttons-is-layout-flex\">\n<div class=\"wp-block-button is-style-outline is-style-outline--8\"><a class=\"wp-block-button__link wp-element-button\" href=\"https:\/\/avm-baranski.com\/index.php\/zapytanie-o-wymiennik-lamelowy\/\">Kliknij aby przej\u015b\u0107 do formularza zapytania o wymiennik lamelowy<\/a><\/div>\n<\/div>\n\n\n\n<p><\/p>\n","protected":false},"excerpt":{"rendered":"<p>Lamelowe wymienniki ciep\u0142a Podstawowe zastosowanie w aplikacjach HVAC ( Heating, Ventilation, AirConditioning). Wersja specjalna wykonania ze stali nierdzewnej AISI304\/ kwasoodpornej AISI316 jest stosowana w wymagaj\u0105cych aplikacjach przemys\u0142owych S\u0142u\u017c\u0105 do transferu ciep\u0142a pomi\u0119dzy dwoma mediami: ciecz &#8211; najcz\u0119\u015bciej woda lub roztw\u00f3r glikolu i gaz &#8211; najcz\u0119\u015bciej powietrze lub spaliny. Zapewniaj\u0105 komfort cieplny w pomieszczeniach umo\u017cliwiaj\u0105c grzanie [&hellip;]<\/p>\n","protected":false},"author":1,"featured_media":0,"parent":0,"menu_order":0,"comment_status":"closed","ping_status":"closed","template":"","meta":{"_acf_changed":false,"footnotes":""},"class_list":["post-219","page","type-page","status-publish","hentry"],"acf":[],"jetpack_sharing_enabled":true,"_links":{"self":[{"href":"https:\/\/avm-baranski.com\/index.php\/wp-json\/wp\/v2\/pages\/219","targetHints":{"allow":["GET"]}}],"collection":[{"href":"https:\/\/avm-baranski.com\/index.php\/wp-json\/wp\/v2\/pages"}],"about":[{"href":"https:\/\/avm-baranski.com\/index.php\/wp-json\/wp\/v2\/types\/page"}],"author":[{"embeddable":true,"href":"https:\/\/avm-baranski.com\/index.php\/wp-json\/wp\/v2\/users\/1"}],"replies":[{"embeddable":true,"href":"https:\/\/avm-baranski.com\/index.php\/wp-json\/wp\/v2\/comments?post=219"}],"version-history":[{"count":15,"href":"https:\/\/avm-baranski.com\/index.php\/wp-json\/wp\/v2\/pages\/219\/revisions"}],"predecessor-version":[{"id":1748,"href":"https:\/\/avm-baranski.com\/index.php\/wp-json\/wp\/v2\/pages\/219\/revisions\/1748"}],"wp:attachment":[{"href":"https:\/\/avm-baranski.com\/index.php\/wp-json\/wp\/v2\/media?parent=219"}],"curies":[{"name":"wp","href":"https:\/\/api.w.org\/{rel}","templated":true}]}}