{"id":1772,"date":"2025-03-11T14:13:06","date_gmt":"2025-03-11T13:13:06","guid":{"rendered":"https:\/\/avm-baranski.com\/?page_id=1772"},"modified":"2025-03-11T15:07:28","modified_gmt":"2025-03-11T14:07:28","slug":"typy-pomp-prefabrykowane-przepompownie-sciekow","status":"publish","type":"page","link":"https:\/\/avm-baranski.com\/index.php\/typy-pomp-prefabrykowane-przepompownie-sciekow\/","title":{"rendered":"Typy pomp-Prefabrykowane przepompownie \u015bciek\u00f3w"},"content":{"rendered":"\n<div class=\"wp-block-cover alignfull\" style=\"margin-top:0;min-height:146px;aspect-ratio:unset;\"><span aria-hidden=\"true\" class=\"wp-block-cover__background has-black-background-color has-background-dim-0 has-background-dim\"><\/span><img loading=\"lazy\" decoding=\"async\" width=\"851\" height=\"249\" class=\"wp-block-cover__image-background wp-image-87\" alt=\"\" src=\"https:\/\/avm-baranski.com\/wp-content\/uploads\/2025\/03\/woda_kropla3-1.jpg\" data-object-fit=\"cover\" srcset=\"https:\/\/avm-baranski.com\/wp-content\/uploads\/2025\/03\/woda_kropla3-1.jpg 851w, https:\/\/avm-baranski.com\/wp-content\/uploads\/2025\/03\/woda_kropla3-1-300x88.jpg 300w, https:\/\/avm-baranski.com\/wp-content\/uploads\/2025\/03\/woda_kropla3-1-768x225.jpg 768w\" sizes=\"auto, (max-width: 851px) 100vw, 851px\" \/><div class=\"wp-block-cover__inner-container is-layout-flow wp-block-cover-is-layout-flow\">\n<h4 class=\"wp-block-heading has-text-align-center\"><img loading=\"lazy\" decoding=\"async\" width=\"70\" height=\"53\" class=\"wp-image-1476\" style=\"width: 70px;\" src=\"https:\/\/avm-baranski.com\/wp-content\/uploads\/2025\/03\/Logo-AVM.gif\" alt=\"\"><strong><em>AVM-Bara\u0144ski<\/em><\/strong><em><strong>                                     <\/strong><\/em> <em><strong>               od 2008 r oferujemy w<\/strong><\/em><strong><em>sparcie techniczne dla firm.<\/em><\/strong><\/h4>\n\n\n\n<div class=\"wp-block-buttons is-content-justification-right is-layout-flex wp-container-core-buttons-is-layout-d445cf74 wp-block-buttons-is-layout-flex\">\n<div class=\"wp-block-button is-style-outline is-style-outline--1\"><a class=\"wp-block-button__link has-text-align-right wp-element-button\" href=\"https:\/\/avm-baranski.com\/index.php\/glowna\/\">Oferta<\/a><\/div>\n\n\n\n<div class=\"wp-block-button is-style-outline is-style-outline--2\"><a class=\"wp-block-button__link has-text-align-right wp-element-button\" href=\"https:\/\/avm-baranski.com\/index.php\/kontakt\/\">Kontakt<\/a><\/div>\n\n\n\n<div class=\"wp-block-button is-style-outline is-style-outline--3\"><a class=\"wp-block-button__link has-text-align-right wp-element-button\" href=\"https:\/\/avm-baranski.com\/index.php\/produkty\/\">Produkty<\/a><\/div>\n\n\n\n<div class=\"wp-block-button is-style-outline is-style-outline--4\"><a class=\"wp-block-button__link has-text-align-right wp-element-button\" href=\"https:\/\/avm-baranski.com\/index.php\/wymienniki-ciepla\/\">Wymienniki ciep\u0142a<\/a><\/div>\n\n\n\n<div class=\"wp-block-button is-style-outline is-style-outline--5\"><a class=\"wp-block-button__link has-text-align-right wp-element-button\" href=\"https:\/\/avm-baranski.com\/index.php\/pompy\/\">Pompy<\/a><\/div>\n\n\n\n<div class=\"wp-block-button is-style-outline is-style-outline--6\"><a class=\"wp-block-button__link wp-element-button\" href=\"https:\/\/avm-baranski.com\/index.php\/blog\/\">Blog<\/a><\/div>\n<\/div>\n<\/div><\/div>\n\n\n\n<h3 class=\"wp-block-heading has-text-align-center\"><strong>Prefabrykowane Przepompownie \u015aciek\u00f3w<\/strong><\/h3>\n\n\n\n<div class=\"wp-block-buttons alignfull is-content-justification-center is-layout-flex wp-container-core-buttons-is-layout-098cc607 wp-block-buttons-is-layout-flex\">\n<div class=\"wp-block-button is-style-outline is-style-outline--7\"><a class=\"wp-block-button__link wp-element-button\" href=\"https:\/\/avm-baranski.com\/index.php\/zapytanie-pompy\/\">Zapytanie o pomp\u0119<\/a><\/div>\n<\/div>\n\n\n\n<div class=\"wp-block-columns is-layout-flex wp-container-core-columns-is-layout-28f84493 wp-block-columns-is-layout-flex\">\n<div class=\"wp-block-column is-layout-flow wp-block-column-is-layout-flow\">\n<div class=\"wp-block-group has-global-padding is-layout-constrained wp-block-group-is-layout-constrained\">\n<div class=\"wp-block-columns is-layout-flex wp-container-core-columns-is-layout-28f84493 wp-block-columns-is-layout-flex\">\n<div class=\"wp-block-column is-vertically-aligned-stretch is-layout-flow wp-block-column-is-layout-flow\">\n<style>\n.myFiltr4 {\n   text-align: center;\n }\n<\/style>\n\n\n\n<div class=\"myFiltr4\">\n  <h3 id=\"PPS\"><strong>Prefabrykowane Przepompownie \u015aciek\u00f3w<\/strong><\/h3>\n  <\/div>\n<\/div>\n<\/div>\n<\/div>\n<\/div>\n<\/div>\n\n\n\n<style>\r\ndiv.mycontainer {\r\n  width:100%;\r\n  overflow:auto;\r\n  text-align: center;\r\n  width:20%;  \r\n  float:left;\r\n}\r\n<\/style>\r\n\r\n<div class=\"mycontainer\">  <div style=\"background-color:white;border: 5px outset aquamarine;border-radius: 15px;\">\r\n\r\n   <img decoding=\"async\" class=\"wp-image-350\" style=\"width: 100px; height:150\" src=\"https:\/\/avm-baranski.com\/wp-content\/uploads\/2025\/03\/174.Wilo-Plavis-011-C-440x360-1.jpg\" alt\"\">\r\n\r\n<p>PP\u015a WILO Plavis 011 C<\/p>\r\n\r\n    <a href=\"https:\/\/wilo.com\/pl\/pl\/Produkty-i-zastosowania\/pl\/produkty-i-zastosowania\/wilo-plavis-011-c\">Specyfikacja PP\u015a<\/a>\r\n\r\n <\/div>\r\n<\/div>\r\n\r\n\r\n<div class=\"mycontainer\">  <div style=\"background-color:white;border: 5px outset aquamarine;border-radius: 15px;\">\r\n\r\n   <img class=\"wp-image-350\" style=\"width: 100px; height:150\" \r\nsrc=\"https:\/\/avm-baranski.com\/wp-content\/uploads\/2025\/03\/175.Wilo-Plavis-013-C-440x360-1.jpg\" alt=\"\">\r\n\r\n<p>PP\u015a WILO Plavis 013 C<\/p>\r\n\r\n    <a href=\"https:\/\/wilo.com\/pl\/pl\/Produkty-i-zastosowania\/pl\/produkty-i-zastosowania\/wilo-plavis-013-c\">Specyfikacja PP\u015a<\/a>\r\n\r\n <\/div>\r\n<\/div>\r\n\r\n<div class=\"mycontainer\">  <div style=\"background-color:white;border: 5px outset aquamarine;border-radius: 15px;\">\r\n\r\n  <img class=\"wp-image-350\" style=\"width: 100px; height:150\" \r\nsrc=\"https:\/\/avm-baranski.com\/wp-content\/uploads\/2025\/03\/176.Wilo-Plavis-015-C-440x360-1.jpg\" alt=\"\">\r\n\r\n<p>PP\u015a WILO Plavis 015 C<\/p>\r\n\r\n    <a href=\"https:\/\/wilo.com\/pl\/pl\/Produkty-i-zastosowania\/pl\/produkty-i-zastosowania\/wilo-plavis-015-c\">Specyfikacja PP\u015a<\/a>\r\n\r\n <\/div>\r\n<\/div>\r\n\r\n<div class=\"mycontainer\">  <div style=\"background-color:white;border: 5px outset aquamarine;border-radius: 15px;\">\r\n\r\n   <img class=\"wp-image-350\" style=\"width: 100px; height:150\" \r\nsrc=\"https:\/\/avm-baranski.com\/wp-content\/uploads\/2025\/03\/178.Wilo-DrainLift-MINI3-440x360-1.jpg\" alt=\"\">\r\n\r\n<p>PP\u015a WILO DrainLift MINI3<\/p>\r\n\r\n    <a href=\"https:\/\/wilo.com\/pl\/pl\/Produkty-i-zastosowania\/pl\/produkty-i-zastosowania\/wilo-drainlift-mini3\">Specyfikacja PP\u015a<\/a>\r\n\r\n <\/div>\r\n<\/div>\r\n\r\n<div class=\"mycontainer\">  <div style=\"background-color:white;border: 5px outset aquamarine;border-radius: 15px;\">\r\n\r\n  <img class=\"wp-image-350\" style=\"width: 100px; height:150\" \r\nsrc=\"https:\/\/avm-baranski.com\/wp-content\/uploads\/2025\/03\/179.Wilo-DrainLift-MINI5-440x360-1.jpg\" alt=\"\">\r\n\r\n<p>PP\u015a WILO DrainLift MINI 5<\/p>\r\n\r\n    <a href=\"https:\/\/wilo.com\/pl\/pl\/Produkty-i-zastosowania\/pl\/produkty-i-zastosowania\/wilo-drainlift-mini5\">Specyfikacja PP\u015a<\/a>\r\n\r\n <\/div>\r\n  <\/div>\n\n\n\n<style>\r\ndiv.mycontainer {\r\n  width:100%;\r\n  overflow:auto;\r\n  text-align: center;\r\n  width:20%;  \r\n  float:left;\r\n}\r\n<\/style>\r\n\r\n<div class=\"mycontainer\">  <div style=\"background-color:white;border: 5px outset aquamarine;border-radius: 15px;\">\r\n\r\n   <img decoding=\"async\" class=\"wp-image-350\" style=\"width: 100px; height:150\" src=\"https:\/\/avm-baranski.com\/wp-content\/uploads\/2025\/03\/177.Wilo-DrainLift-BOX-440x360-1.jpg\" alt\"\">\r\n\r\n<p>PP\u015a WILO DrainLift BOX C<\/p>\r\n\r\n    <a href=\"https:\/\/wilo.com\/pl\/pl\/Produkty-i-zastosowania\/pl\/produkty-i-zastosowania\/wilo-plavis-011-c\">Specyfikacja PP\u015a<\/a>\r\n\r\n <\/div>\r\n<\/div>\r\n\r\n\r\n<div class=\"mycontainer\">  <div style=\"background-color:white;border: 5px outset aquamarine;border-radius: 15px;\">\r\n\r\n   <img class=\"wp-image-350\" style=\"width: 100px; height:150\" \r\nsrc=\"https:\/\/avm-baranski.com\/wp-content\/uploads\/2025\/03\/188.Wilo-DrainLift-WS-40_50-Basic-440x360-1.jpg\"alt=\"\">\r\n\r\n<p>PP\u015a WILO Draun:Lift WS 40<\/p>\r\n\r\n    <a href=\"https:\/\/wilo.com\/pl\/pl\/Produkty-i-zastosowania\/pl\/produkty-i-zastosowania\/wilo-drainlift-ws-40-50-basic\">Specyfikacja PP\u015a<\/a>\r\n\r\n <\/div>\r\n<\/div>\r\n\r\n<div class=\"mycontainer\">  <div style=\"background-color:white;border: 5px outset aquamarine;border-radius: 15px;\">\r\n\r\n  <img class=\"wp-image-350\" style=\"width: 100px; height:150\" \r\nsrc=\"https:\/\/avm-baranski.com\/wp-content\/uploads\/2025\/03\/180.Wilo-DrainLift-SANI-S-440x360-1.jpg\" alt=\"\">\r\n\r\n<p>PP\u015a WILO DrainLift SANI<\/p>\r\n\r\n    <a href=\"https:\/\/wilo.com\/pl\/pl\/Produkty-i-zastosowania\/pl\/produkty-i-zastosowania\/wilo-drainlift-sani-s\">Specyfikacja PP\u015a<\/a>\r\n\r\n <\/div>\r\n<\/div>\r\n\r\n<div class=\"mycontainer\">  <div style=\"background-color:white;border: 5px outset aquamarine;border-radius: 15px;\">\r\n\r\n   <img class=\"wp-image-350\" style=\"width: 100px; height:150\" \r\nsrc=\"https:\/\/avm-baranski.com\/wp-content\/uploads\/2025\/03\/181.Wilo-DrainLift-SANI-CUT-S-440x360-1.jpg\" alt=\"\">\r\n\r\n<p>PP\u015a WILO DrainLift SANI CUT<\/p>\r\n\r\n    <a href=\"https:\/\/wilo.com\/pl\/pl\/Produkty-i-zastosowania\/pl\/produkty-i-zastosowania\/wilo-drainlift-sani-cut-s\">Specyfikacja PP\u015a\r\n <\/div>\r\n<\/div>\r\n\r\n<div class=\"mycontainer\">  <div style=\"background-color:white;border: 5px outset aquamarine;border-radius: 15px;\">\r\n\r\n  <img class=\"wp-image-350\" style=\"width: 100px; height:150\" \r\nsrc=\"https:\/\/avm-baranski.com\/wp-content\/uploads\/2025\/03\/182.Wilo-DrainLift-SANI-M-440x360-1.jpg\" alt=\"\">\r\n\r\n<p>PP\u015a WILO DrainLift SANI M<\/p>\r\n\r\n    <a href=\"https:\/\/wilo.com\/pl\/pl\/Produkty-i-zastosowania\/pl\/produkty-i-zastosowania\/wilo-drainlift-sani-m\">Specyfikacja PP\u015a<\/a>\r\n\r\n <\/div>\r\n  <\/div>\n\n\n\n<style>\r\ndiv.mycontainer {\r\n  width:100%;\r\n  overflow:auto;\r\n  text-align: center;\r\n  width:20%;  \r\n  float:left;\r\n}\r\n<\/style>\r\n\r\n<div class=\"mycontainer\">  <div style=\"background-color:white;border: 5px outset aquamarine;border-radius: 15px;\">\r\n\r\n   <img decoding=\"async\" class=\"wp-image-350\" style=\"width: 100px; height:150\" src=\"https:\/\/avm-baranski.com\/wp-content\/uploads\/2025\/03\/183.Wilo-DrainLift-SANI-CUT-M-440x360-1.jpg\" alt\"\">\r\n\r\n<p>PP\u015a WILO DrainLift SANI CUT<\/p>\r\n\r\n    <a href=\"https:\/\/wilo.com\/pl\/pl\/Produkty-i-zastosowania\/pl\/produkty-i-zastosowania\/wilo-drainlift-sani-cut-m\">Specyfikacja PP\u015a<\/a>\r\n\r\n <\/div>\r\n<\/div>\r\n\r\n\r\n<div class=\"mycontainer\">  <div style=\"background-color:white;border: 5px outset aquamarine;border-radius: 15px;\">\r\n\r\n   <img class=\"wp-image-350\" style=\"width: 100px; height:150\" \r\nsrc=\"https:\/\/avm-baranski.com\/wp-content\/uploads\/2025\/03\/184.Wilo-DrainLift-SANI-L-440x360-1.jpg\"alt=\"\">\r\n\r\n<p>PP\u015a WILO DrainLift SANI L<\/p>\r\n\r\n    <a href=\"https:\/\/wilo.com\/pl\/pl\/Produkty-i-zastosowania\/pl\/produkty-i-zastosowania\/wilo-drainlift-sani-l\">Specyfikacja PP\u015a<\/a>\r\n\r\n <\/div>\r\n<\/div>\r\n\r\n<div class=\"mycontainer\">  <div style=\"background-color:white;border: 5px outset aquamarine;border-radius: 15px;\">\r\n\r\n  <img class=\"wp-image-350\" style=\"width: 100px; height:150\" \r\nsrc=\"https:\/\/avm-baranski.com\/wp-content\/uploads\/2025\/03\/185.Wilo-DrainLift-SANI-CUT-L-440x360-1.jpg\" alt=\"\">\r\n\r\n<p>PP\u015a WILO DrainLift SANI CUT L<\/p>\r\n\r\n    <a href=\"https:\/\/wilo.com\/pl\/pl\/Produkty-i-zastosowania\/pl\/produkty-i-zastosowania\/wilo-drainlift-sani-cut-l\">Specyfikacja PP\u015a<\/a>\r\n\r\n <\/div>\r\n<\/div>\r\n\r\n<div class=\"mycontainer\">  <div style=\"background-color:white;border: 5px outset aquamarine;border-radius: 15px;\">\r\n\r\n   <img class=\"wp-image-350\" style=\"width: 100px; height:150\" \r\nsrc=\"https:\/\/avm-baranski.com\/wp-content\/uploads\/2025\/03\/186.Wilo-DrainLift-SANI-XL-440x360-1.jpg\" alt=\"\">\r\n\r\n<p>PP\u015a WILO DrainLift SANI XL<\/p>\r\n\r\n    <a href=\"https:\/\/wilo.com\/pl\/pl\/Produkty-i-zastosowania\/pl\/produkty-i-zastosowania\/wilo-drainlift-sani-xl\">Specyfikacja PP\u015a<\/a>\r\n <\/div>\r\n<\/div>\r\n\r\n<div class=\"mycontainer\">  <div style=\"background-color:white;border: 5px outset aquamarine;border-radius: 15px;\">\r\n\r\n  <img class=\"wp-image-350\" style=\"width: 100px; height:150\" \r\nsrc=\"https:\/\/avm-baranski.com\/wp-content\/uploads\/2025\/03\/187.Wilo-DrainLift-XXL-440x360-1.jpg\" alt=\"\">\r\n\r\n<p>PP\u015a WILO DrainLift XXL<\/p>\r\n\r\n    <a href=\"https:\/\/wilo.com\/pl\/pl\/Produkty-i-zastosowania\/pl\/produkty-i-zastosowania\/wilo-drainlift-xxl\">Specyfikacja PP\u015a<\/a>\r\n\r\n <\/div>\r\n  <\/div>\n\n\n\n<style>\r\ndiv.mycontainer {\r\n  width:100%;\r\n  overflow:auto;\r\n  text-align: center;\r\n  width:20%;  \r\n  float:left;\r\n}\r\n<\/style>\r\n\r\n<div class=\"mycontainer\">  <div style=\"background-color:white;border: 5px outset aquamarine;border-radius: 15px;\">\r\n\r\n   <img decoding=\"async\" class=\"wp-image-350\" style=\"width: 100px; height:150\" src=\"https:\/\/avm-baranski.com\/wp-content\/uploads\/2025\/03\/189.Wilo-EMUport-CORE-440x360-1.jpg\" alt\"\">\r\n\r\n<p>PP\u015a WILO EMUport CORE<\/p>\r\n\r\n    <a href=\"https:\/\/wilo.com\/pl\/pl\/Produkty-i-zastosowania\/pl\/produkty-i-zastosowania\/wilo-emuport-core\">Specyfikacja PP\u015a<\/a>\r\n\r\n <\/div>\r\n<\/div>\r\n\r\n\r\n<div class=\"mycontainer\">  <div style=\"background-color:white;border: 5px outset aquamarine;border-radius: 15px;\">\r\n\r\n   <img class=\"wp-image-350\" style=\"width: 100px; height:150\" \r\nsrc=\"https:\/\/avm-baranski.com\/wp-content\/uploads\/2025\/03\/093.Wilo-RainSystem-AF-400-440x360-1.jpg\"alt=\"\">\r\n\r\n<p>PD WILO RainSystem AF<\/p>\r\n\r\n    <a href=\"https:\/\/wilo.com\/pl\/pl\/Produkty-i-zastosowania\/pl\/produkty-i-zastosowania\/wilo-rainsystem-af-400\">Specyfikacja PD<\/a>\r\n\r\n <\/div>\r\n<\/div>\r\n\r\n<div class=\"mycontainer\">  <div style=\"background-color:white;border: 5px outset aquamarine;border-radius: 15px;\">\r\n\r\n  <img class=\"wp-image-350\" style=\"width: 100px; height:150\" \r\nsrc=\"https:\/\/avm-baranski.com\/wp-content\/uploads\/2025\/03\/092.Wilo-RainSystem-AF-150-440x360-1.jpg\" alt=\"\">\r\n\r\n<p>PD WILO RainSystem AF 150<\/p>\r\n\r\n    <a href=\"https:\/\/wilo.com\/pl\/pl\/Produkty-i-zastosowania\/pl\/produkty-i-zastosowania\/wilo-rainsystem-af-150\">Specyfikacja PD<\/a>\r\n\r\n <\/div>\r\n<\/div>\r\n\r\n<div class=\"mycontainer\">  <div style=\"background-color:white;border: 5px outset aquamarine;border-radius: 15px;\">\r\n\r\n   <img class=\"wp-image-350\" style=\"width: 100px; height:150\" \r\nsrc=\"https:\/\/avm-baranski.com\/wp-content\/uploads\/2025\/03\/090.Wilo-RAIN1-440x360-1.jpg\" alt=\"\">\r\n\r\n<p>PD WILO RAIN 1<\/p>\r\n\r\n    <a href=\"https:\/\/wilo.com\/pl\/pl\/Produkty-i-zastosowania\/pl\/produkty-i-zastosowania\/wilo-rain1\">Specyfikacja PD<\/a>\r\n <\/div>\r\n<\/div>\r\n\r\n<div class=\"mycontainer\">  <div style=\"background-color:white;border: 5px outset aquamarine;border-radius: 15px;\">\r\n\r\n  <img class=\"wp-image-350\" style=\"width: 100px; height:150\" \r\nsrc=\"https:\/\/avm-baranski.com\/wp-content\/uploads\/2025\/03\/091.Wilo-RAIN3-440x360-1.jpg\" alt=\"\">\r\n\r\n<p>PD WILO RAIN 3<\/p>\r\n\r\n    <a href=\"https:\/\/wilo.com\/pl\/pl\/Produkty-i-zastosowania\/pl\/produkty-i-zastosowania\/wilo-rain3\">Specyfikacja PD<\/a>\r\n\r\n <\/div>\r\n  <\/div>\n","protected":false},"excerpt":{"rendered":"<p>Prefabrykowane Przepompownie \u015aciek\u00f3w Prefabrykowane Przepompownie \u015aciek\u00f3w PP\u015a WILO Plavis 011 C Specyfikacja PP\u015a PP\u015a WILO Plavis 013 C Specyfikacja PP\u015a PP\u015a WILO Plavis 015 C Specyfikacja PP\u015a PP\u015a WILO DrainLift MINI3 Specyfikacja PP\u015a PP\u015a WILO DrainLift MINI 5 Specyfikacja PP\u015a PP\u015a WILO DrainLift BOX C Specyfikacja PP\u015a PP\u015a WILO Draun:Lift WS 40 Specyfikacja PP\u015a PP\u015a [&hellip;]<\/p>\n","protected":false},"author":1,"featured_media":0,"parent":0,"menu_order":0,"comment_status":"closed","ping_status":"closed","template":"","meta":{"_acf_changed":false,"footnotes":""},"class_list":["post-1772","page","type-page","status-publish","hentry"],"acf":[],"jetpack_sharing_enabled":true,"_links":{"self":[{"href":"https:\/\/avm-baranski.com\/index.php\/wp-json\/wp\/v2\/pages\/1772","targetHints":{"allow":["GET"]}}],"collection":[{"href":"https:\/\/avm-baranski.com\/index.php\/wp-json\/wp\/v2\/pages"}],"about":[{"href":"https:\/\/avm-baranski.com\/index.php\/wp-json\/wp\/v2\/types\/page"}],"author":[{"embeddable":true,"href":"https:\/\/avm-baranski.com\/index.php\/wp-json\/wp\/v2\/users\/1"}],"replies":[{"embeddable":true,"href":"https:\/\/avm-baranski.com\/index.php\/wp-json\/wp\/v2\/comments?post=1772"}],"version-history":[{"count":2,"href":"https:\/\/avm-baranski.com\/index.php\/wp-json\/wp\/v2\/pages\/1772\/revisions"}],"predecessor-version":[{"id":1809,"href":"https:\/\/avm-baranski.com\/index.php\/wp-json\/wp\/v2\/pages\/1772\/revisions\/1809"}],"wp:attachment":[{"href":"https:\/\/avm-baranski.com\/index.php\/wp-json\/wp\/v2\/media?parent=1772"}],"curies":[{"name":"wp","href":"https:\/\/api.w.org\/{rel}","templated":true}]}}