{"id":121,"date":"2025-03-04T14:59:36","date_gmt":"2025-03-04T13:59:36","guid":{"rendered":"https:\/\/avm-baranski.com\/?page_id=121"},"modified":"2025-04-15T12:34:20","modified_gmt":"2025-04-15T10:34:20","slug":"produkty","status":"publish","type":"page","link":"https:\/\/avm-baranski.com\/index.php\/produkty\/","title":{"rendered":"Produkty"},"content":{"rendered":"\n<div class=\"wp-block-cover alignfull\" style=\"margin-top:0;min-height:146px;aspect-ratio:unset;\"><span aria-hidden=\"true\" class=\"wp-block-cover__background has-black-background-color has-background-dim-0 has-background-dim\"><\/span><img loading=\"lazy\" decoding=\"async\" width=\"851\" height=\"249\" class=\"wp-block-cover__image-background wp-image-87\" alt=\"\" src=\"https:\/\/avm-baranski.com\/wp-content\/uploads\/2025\/03\/woda_kropla3-1.jpg\" data-object-fit=\"cover\" srcset=\"https:\/\/avm-baranski.com\/wp-content\/uploads\/2025\/03\/woda_kropla3-1.jpg 851w, https:\/\/avm-baranski.com\/wp-content\/uploads\/2025\/03\/woda_kropla3-1-300x88.jpg 300w, https:\/\/avm-baranski.com\/wp-content\/uploads\/2025\/03\/woda_kropla3-1-768x225.jpg 768w\" sizes=\"auto, (max-width: 851px) 100vw, 851px\" \/><div class=\"wp-block-cover__inner-container is-layout-flow wp-block-cover-is-layout-flow\">\n<h4 class=\"wp-block-heading has-text-align-center\"><img loading=\"lazy\" decoding=\"async\" width=\"70\" height=\"53\" class=\"wp-image-1476\" style=\"width: 70px;\" src=\"https:\/\/avm-baranski.com\/wp-content\/uploads\/2025\/03\/Logo-AVM.gif\" alt=\"\"><strong><em>AVM-Bara\u0144ski<\/em><\/strong><em><strong>                                     <\/strong><\/em> <em><strong>               od 2008 r oferujemy w<\/strong><\/em><strong><em>sparcie techniczne dla firm.<\/em><\/strong><\/h4>\n\n\n\n<div class=\"wp-block-buttons is-content-justification-right is-layout-flex wp-container-core-buttons-is-layout-d445cf74 wp-block-buttons-is-layout-flex\">\n<div class=\"wp-block-button is-style-outline is-style-outline--1\"><a class=\"wp-block-button__link has-text-align-right wp-element-button\" href=\"https:\/\/avm-baranski.com\/index.php\/glowna\/\">Oferta<\/a><\/div>\n\n\n\n<div class=\"wp-block-button is-style-outline is-style-outline--2\"><a class=\"wp-block-button__link has-text-align-right wp-element-button\" href=\"https:\/\/avm-baranski.com\/index.php\/kontakt\/\">Kontakt<\/a><\/div>\n\n\n\n<div class=\"wp-block-button is-style-outline is-style-outline--3\"><a class=\"wp-block-button__link has-text-align-right wp-element-button\" href=\"https:\/\/avm-baranski.com\/index.php\/produkty\/\">Produkty<\/a><\/div>\n\n\n\n<div class=\"wp-block-button is-style-outline is-style-outline--4\"><a class=\"wp-block-button__link has-text-align-right wp-element-button\" href=\"https:\/\/avm-baranski.com\/index.php\/wymienniki-ciepla\/\">Wymienniki ciep\u0142a<\/a><\/div>\n\n\n\n<div class=\"wp-block-button is-style-outline is-style-outline--5\"><a class=\"wp-block-button__link has-text-align-right wp-element-button\" href=\"https:\/\/avm-baranski.com\/index.php\/pompy\/\">Pompy<\/a><\/div>\n\n\n\n<div class=\"wp-block-button is-style-outline is-style-outline--6\"><a class=\"wp-block-button__link wp-element-button\" href=\"https:\/\/avm-baranski.com\/index.php\/blog\/\">Blog<\/a><\/div>\n<\/div>\n<\/div><\/div>\n\n\n\n<div class=\"wp-block-columns alignfull is-layout-flex wp-container-core-columns-is-layout-28f84493 wp-block-columns-is-layout-flex\">\n<div class=\"wp-block-column is-layout-flow wp-block-column-is-layout-flow\" style=\"flex-basis:100%\"><\/div>\n<\/div>\n\n\n\n<div class=\"wp-block-buttons alignwide is-content-justification-center is-layout-flex wp-container-core-buttons-is-layout-a89b3969 wp-block-buttons-is-layout-flex\">\n<div class=\"wp-block-button is-style-outline is-style-outline--7\"><a class=\"wp-block-button__link wp-element-button\" href=\"https:\/\/avm-baranski.com\/index.php\/pompy-od-a-do-z\/\">Lista pomp od A do Z<\/a><\/div>\n\n\n\n<div class=\"wp-block-button is-style-outline is-style-outline--8\"><a class=\"wp-block-button__link wp-element-button\" href=\"https:\/\/avm-baranski.com\/index.php\/zapytanie-o-wymiennik-lamelowy\/\">Zapytanie o wymiennik lamelowy<\/a><\/div>\n\n\n\n<div class=\"wp-block-button is-style-outline is-style-outline--9\"><a class=\"wp-block-button__link wp-element-button\" href=\"https:\/\/avm-baranski.com\/index.php\/zapytanie-pompy\/\">Zapytanie o pomp\u0119<\/a><\/div>\n\n\n\n<div class=\"wp-block-button is-style-outline is-style-outline--10\"><a class=\"wp-block-button__link wp-element-button\" href=\"https:\/\/avm-baranski.com\/index.php\/zapytanie-o-wymiennik-plytowy-krzyzowy\/\">Zapytanie o wymiennik p\u0142ytowy(krzy\u017cowy)<\/a><\/div>\n\n\n\n<div class=\"wp-block-button is-style-outline is-style-outline--11\"><a class=\"wp-block-button__link wp-element-button\" href=\"https:\/\/avm-baranski.com\/index.php\/zapytanie-o-wymiennik-plytowy-wodny\/\">Zapytanie wymiennik p\u0142ytowy wodny<\/a><\/div>\n<\/div>\n\n\n\n<div class=\"wp-block-columns is-layout-flex wp-container-core-columns-is-layout-28f84493 wp-block-columns-is-layout-flex\">\n<div class=\"wp-block-column is-layout-flow wp-block-column-is-layout-flow\">\n<p><\/p>\n<\/div>\n<\/div>\n\n\n\n<h2 class=\"wp-block-heading alignwide\">Oferujemy produkty, kt\u00f3re dobrze znamy bazuj\u0105c na naszym wieloletnim do\u015bwiadczeniu. Skupiamy si\u0119 g\u0142\u00f3wnie na dw\u00f3ch grupach:<\/h2>\n\n\n\n<h2 class=\"wp-block-heading alignwide has-text-align-left\">-wymienniki ciep\u0142a,<\/h2>\n\n\n\n<div class=\"wp-block-columns alignwide is-layout-flex wp-container-core-columns-is-layout-28f84493 wp-block-columns-is-layout-flex\">\n<div class=\"wp-block-column is-layout-flow wp-block-column-is-layout-flow\" style=\"flex-basis:100%\">\n<p>Nasze wymienniki lamelowe s\u0105 m.in. g\u0142\u00f3wnym elementem system\u00f3w odzysku ciep\u0142a np. z powietrza, lub ze spalin z u\u017cyciem medium do transferu ciep\u0142a najcz\u0119\u015bciej wodny roztw\u00f3r glikolu,<\/p>\n<\/div>\n<\/div>\n\n\n\n<div class=\"wp-block-columns alignwide is-layout-flex wp-container-core-columns-is-layout-28f84493 wp-block-columns-is-layout-flex\">\n<div class=\"wp-block-column is-layout-flow wp-block-column-is-layout-flow\" style=\"flex-basis:100%\">\n<ul class=\"wp-block-list\">\n<li>Wymiennik lamelowy to tak\u017ce &#8222;serce&#8221; ch\u0142odnic wentylatorowych tzw. Dry-cooler&#8217;\u00f3w, kt\u00f3re mo\u017cemy dostarczy\u0107 jako kompletne urz\u0105dzenie.\n<ul class=\"wp-block-list\">\n<li>zwykle pracuj\u0105 jako ch\u0142odnice i\/lub skraplacze w systemach wentylacj i klimatyzacji,<\/li>\n\n\n\n<li>lub jako ch\u0142odnice w procesach produkcyjnych.<\/li>\n<\/ul>\n<\/li>\n\n\n\n<li>Oferujemy wymienniki p\u0142ytowe lutowane, w szczeg\u00f3lno\u015bci odowiedniki oryginalnych stosowanych w piecach(bojlerach) wi\u0119kszo\u015bci producent\u00f3w obecnych na Polskim rynku<\/li>\n\n\n\n<li>Mamy w ofercie tak\u017ce wymienniki p\u0142ytowe (krzy\u017cowe) stosowane do odzysku ciep\u0142a z powietrza(rekuperacji).<\/li>\n<\/ul>\n<\/div>\n<\/div>\n\n\n\n<h2 class=\"wp-block-heading alignwide has-text-align-left\">&#8211; pompy.<\/h2>\n\n\n\n<div class=\"wp-block-columns alignwide is-layout-flex wp-container-core-columns-is-layout-28f84493 wp-block-columns-is-layout-flex\">\n<div class=\"wp-block-column is-layout-flow wp-block-column-is-layout-flow\" style=\"flex-basis:100%\">\n<p>Pompy to najbardziej popularne urz\u0105dzenia znane ka\u017cdemu stosowane ju\u017c od czas\u00f3w staro\u017cytnych prawie we wszystkich sferach aktywno\u015bci cz\u0142owieka.<\/p>\n<\/div>\n<\/div>\n\n\n\n<div class=\"wp-block-columns alignwide is-layout-flex wp-container-core-columns-is-layout-28f84493 wp-block-columns-is-layout-flex\">\n<div class=\"wp-block-column is-layout-flow wp-block-column-is-layout-flow\" style=\"flex-basis:100%\">\n<p>Mamy w ofercie pe\u0142en zakres pomp do wody, \u015bciek\u00f3w, ch\u0142odziwa, oleju oraz innych medi\u00f3w.  <\/p>\n<\/div>\n<\/div>\n\n\n\n<div class=\"wp-block-columns alignwide is-layout-flex wp-container-core-columns-is-layout-28f84493 wp-block-columns-is-layout-flex\">\n<div class=\"wp-block-column is-layout-flow wp-block-column-is-layout-flow\" style=\"flex-basis:100%\">\n<p>R\u00f3wnie\u017c pod k\u0105tem rodzaj\u00f3w pomp (np. wirowe, z\u0119bate, membranowe, dozuj\u0105ce) oraz r\u00f3\u017cnych obszar\u00f3w zastosowa\u0144 (np. przemys\u0142, HVAC, kopalnie, wodoci\u0105gi, oczyszczalnie \u015bciek\u00f3w, klienci indywidualni) oferujemy pe\u0142ne wsparcie w wyborze w\u0142a\u015bciwego rozwi\u0105zania.<\/p>\n<\/div>\n<\/div>\n\n\n\n<div class=\"wp-block-columns alignwide is-layout-flex wp-container-core-columns-is-layout-28f84493 wp-block-columns-is-layout-flex\">\n<div class=\"wp-block-column is-layout-flow wp-block-column-is-layout-flow\" style=\"flex-basis:100%\">\n<ul class=\"wp-block-list\">\n<li>dobieramy zgodnie z d\u0142ugoletnim do\u015bwiadczeniem, <\/li>\n\n\n\n<li>optymalnie dla aplikacji, <\/li>\n\n\n\n<li>energooszcz\u0119dne i korzystne cenowo pompy<\/li>\n<\/ul>\n<\/div>\n<\/div>\n\n\n\n<p><\/p>\n\n\n\n<p><\/p>\n","protected":false},"excerpt":{"rendered":"<p>Oferujemy produkty, kt\u00f3re dobrze znamy bazuj\u0105c na naszym wieloletnim do\u015bwiadczeniu. Skupiamy si\u0119 g\u0142\u00f3wnie na dw\u00f3ch grupach: -wymienniki ciep\u0142a, Nasze wymienniki lamelowe s\u0105 m.in. g\u0142\u00f3wnym elementem system\u00f3w odzysku ciep\u0142a np. z powietrza, lub ze spalin z u\u017cyciem medium do transferu ciep\u0142a najcz\u0119\u015bciej wodny roztw\u00f3r glikolu, &#8211; pompy. Pompy to najbardziej popularne urz\u0105dzenia znane ka\u017cdemu stosowane ju\u017c [&hellip;]<\/p>\n","protected":false},"author":1,"featured_media":0,"parent":0,"menu_order":0,"comment_status":"closed","ping_status":"closed","template":"","meta":{"_acf_changed":false,"footnotes":""},"class_list":["post-121","page","type-page","status-publish","hentry"],"acf":[],"jetpack_sharing_enabled":true,"_links":{"self":[{"href":"https:\/\/avm-baranski.com\/index.php\/wp-json\/wp\/v2\/pages\/121","targetHints":{"allow":["GET"]}}],"collection":[{"href":"https:\/\/avm-baranski.com\/index.php\/wp-json\/wp\/v2\/pages"}],"about":[{"href":"https:\/\/avm-baranski.com\/index.php\/wp-json\/wp\/v2\/types\/page"}],"author":[{"embeddable":true,"href":"https:\/\/avm-baranski.com\/index.php\/wp-json\/wp\/v2\/users\/1"}],"replies":[{"embeddable":true,"href":"https:\/\/avm-baranski.com\/index.php\/wp-json\/wp\/v2\/comments?post=121"}],"version-history":[{"count":301,"href":"https:\/\/avm-baranski.com\/index.php\/wp-json\/wp\/v2\/pages\/121\/revisions"}],"predecessor-version":[{"id":2793,"href":"https:\/\/avm-baranski.com\/index.php\/wp-json\/wp\/v2\/pages\/121\/revisions\/2793"}],"wp:attachment":[{"href":"https:\/\/avm-baranski.com\/index.php\/wp-json\/wp\/v2\/media?parent=121"}],"curies":[{"name":"wp","href":"https:\/\/api.w.org\/{rel}","templated":true}]}}